{"id":2786,"date":"2023-02-25T15:17:58","date_gmt":"2023-02-25T20:17:58","guid":{"rendered":"https:\/\/pharmaconsulting.pe\/?page_id=2786"},"modified":"2023-02-27T13:15:45","modified_gmt":"2023-02-27T18:15:45","slug":"autorizacion-de-funcionamiento-de-laboratorios-de-productos-cosmeticos-en-peru","status":"publish","type":"page","link":"https:\/\/pharmaconsulting.pbt.com.bo\/es\/autorizacion-de-funcionamiento-de-laboratorios-de-productos-cosmeticos-en-peru\/","title":{"rendered":"Autorizaci\u00f3n de funcionamiento de laboratorios de productos cosm\u00e9ticos en Per\u00fa"},"content":{"rendered":"<div class=\"wpb-content-wrapper\">[vc_row][vc_column width=&#8221;5\/6&#8243;][vc_single_image image=&#8221;2808&#8243; img_size=&#8221;full&#8221;][\/vc_column][vc_column width=&#8221;1\/6&#8243;][\/vc_column][\/vc_row][vc_row][vc_column width=&#8221;5\/6&#8243;][vc_column_text]\n<p style=\"text-align: justify;\"><span style=\"color: #333333;\">Un laboratorio de <a href=\"https:\/\/pharmaconsulting.pe\/es\/notificacion-sanitaria-obligatoria-nso-de-productos-cosmeticos\/\">productos cosm\u00e9ticos<\/a> es aquel establecimiento que fabrica, envasa, acondiciona o maquila sustancias o formulaciones destinadas a ser puestas en contacto con las partes superficiales del cuerpo humano o con los dientes y las mucosas, con el fin de limpiarlas, perfumarlas, modificar o mejorar su aspecto, protegerlas, mantenerlas en buen estado o corregir los olores desagradables (CAN).<\/span><\/p>\n[\/vc_column_text][\/vc_column][vc_column width=&#8221;1\/6&#8243;][\/vc_column][\/vc_row][vc_row][vc_column width=&#8221;5\/6&#8243;][vc_empty_space][\/vc_column][vc_column width=&#8221;1\/6&#8243;][\/vc_column][\/vc_row][vc_row][vc_column width=&#8221;5\/6&#8243;]<div class=\"evc-section-title evc-shortcode \" style=\"text-align: left\">\n\t<div class=\"evc-st-inner\">\n\t\t\t\t\t<h4 class=\"evc-st-title\" style=\"color: #000000\">\n\t\t\t\tProceso para implementar y registrar un laboratorio de cosm\u00e9ticos\t\t\t<\/h4>\n\t\t\t\t\t\t\t\t\t<\/div>\n<\/div>\n[vc_separator align=&#8221;align_left&#8221;][\/vc_column][vc_column width=&#8221;1\/6&#8243;][\/vc_column][\/vc_row][vc_row][vc_column width=&#8221;5\/6&#8243;][vc_row_inner equal_height=&#8221;yes&#8221; gap=&#8221;10&#8243;][vc_column_inner width=&#8221;1\/4&#8243; css=&#8221;.vc_custom_1677513961017{border-top-width: 1px !important;border-right-width: 1px !important;border-bottom-width: 1px !important;border-left-width: 1px !important;padding-top: 5px !important;padding-right: 5px !important;padding-bottom: 5px !important;padding-left: 5px !important;border-left-color: #eeeeee !important;border-left-style: solid !important;border-right-color: #eeeeee !important;border-right-style: solid !important;border-top-color: #eeeeee !important;border-top-style: solid !important;border-bottom-color: #eeeeee !important;border-bottom-style: solid !important;}&#8221;]<div class=\"evc-section-title evc-shortcode services_content\" style=\"text-align: center\">\n\t<div class=\"evc-st-inner\">\n\t\t\t\t\t<h6 class=\"evc-st-title\" style=\"color: #222222\">\n\t\t\t\tI. Constituci\u00f3n de la Empresa\t\t\t<\/h6>\n\t\t\t\t\t\t\t<div class=\"evc-st-separator\" style=\"background-color: #eeeeee;width: 75%;height: 1px;margin-top: 10px\"><\/div>\n\t\t\t\t\t\t\t<p class=\"evc-st-text\" style=\"color: #333333;margin-top: 25px\">\n\t\t\t\tDebe constituirse una empresa formalmente ante SUNAR\/SUNARP y la municipalidad correspondiente, tanto para personas jur\u00eddicas como personas naturales.\t\t\t<\/p>\n\t\t\t\t\t<\/div>\n<\/div>\n[\/vc_column_inner][vc_column_inner width=&#8221;1\/4&#8243; css=&#8221;.vc_custom_1677513918231{border-top-width: 1px !important;border-right-width: 1px !important;border-bottom-width: 1px !important;border-left-width: 1px !important;padding-top: 5px !important;padding-right: 5px !important;padding-bottom: 5px !important;padding-left: 5px !important;border-left-color: #eeeeee !important;border-left-style: solid !important;border-right-color: #eeeeee !important;border-right-style: solid !important;border-top-color: #eeeeee !important;border-top-style: solid !important;border-bottom-color: #eeeeee !important;border-bottom-style: solid !important;}&#8221;]<div class=\"evc-section-title evc-shortcode services_content\" style=\"text-align: center\">\n\t<div class=\"evc-st-inner\">\n\t\t\t\t\t<h6 class=\"evc-st-title\" style=\"color: #222222\">\n\t\t\t\tII. Contrataci\u00f3n de Jefes de \u00c1rea\t\t\t<\/h6>\n\t\t\t\t\t\t\t<div class=\"evc-st-separator\" style=\"background-color: #eeeeee;width: 85%;height: 1px;margin-top: 10px\"><\/div>\n\t\t\t\t\t\t\t<p class=\"evc-st-text\" style=\"color: #333333;margin-top: 25px\">\n\t\t\t\tEs necesario contratar los servicios profesionales de tres qu\u00edmicos farmac\u00e9uticos, quienes asumir\u00e1n las jefaturas de producci\u00f3n, control y aseguramiento la de calidad.\t\t\t<\/p>\n\t\t\t\t\t<\/div>\n<\/div>\n[\/vc_column_inner][vc_column_inner width=&#8221;1\/4&#8243; css=&#8221;.vc_custom_1677513924961{border-top-width: 1px !important;border-right-width: 1px !important;border-bottom-width: 1px !important;border-left-width: 1px !important;padding-top: 5px !important;padding-right: 5px !important;padding-bottom: 5px !important;padding-left: 5px !important;border-left-color: #eeeeee !important;border-left-style: solid !important;border-right-color: #eeeeee !important;border-right-style: solid !important;border-top-color: #eeeeee !important;border-top-style: solid !important;border-bottom-color: #eeeeee !important;border-bottom-style: solid !important;}&#8221;]<div class=\"evc-section-title evc-shortcode services_content\" style=\"text-align: center\">\n\t<div class=\"evc-st-inner\">\n\t\t\t\t\t<h6 class=\"evc-st-title\" style=\"color: #222222\">\n\t\t\t\tIII. Implementaci\u00f3n del Laboratorio\t\t\t<\/h6>\n\t\t\t\t\t\t\t<div class=\"evc-st-separator\" style=\"background-color: #eeeeee;width: 85%;height: 1px;margin-top: 10px\"><\/div>\n\t\t\t\t\t\t\t<p class=\"evc-st-text\" style=\"color: #333333;margin-top: 25px\">\n\t\t\t\tEl laboratorio debe contar con la infraestructura de la planta, almac\u00e9n y \u00e1rea administrativa as\u00ed como equipamiento, documentaci\u00f3n y personal operativo.\t\t\t<\/p>\n\t\t\t\t\t<\/div>\n<\/div>\n[\/vc_column_inner][vc_column_inner width=&#8221;1\/4&#8243; css=&#8221;.vc_custom_1677513894266{border-top-width: 1px !important;border-right-width: 1px !important;border-bottom-width: 1px !important;border-left-width: 1px !important;padding-top: 5px !important;padding-right: 5px !important;padding-bottom: 15px !important;padding-left: 5px !important;border-left-color: #eeeeee !important;border-left-style: solid !important;border-right-color: #eeeeee !important;border-right-style: solid !important;border-top-color: #eeeeee !important;border-top-style: solid !important;border-bottom-color: #eeeeee !important;border-bottom-style: solid !important;}&#8221;]<div class=\"evc-section-title evc-shortcode services_content\" style=\"text-align: center\">\n\t<div class=\"evc-st-inner\">\n\t\t\t\t\t<h6 class=\"evc-st-title\" style=\"color: #222222\">\n\t\t\t\tIV. Autorizaci\u00f3n de Funcionamiento\t\t\t<\/h6>\n\t\t\t\t\t\t\t<div class=\"evc-st-separator\" style=\"background-color: #eeeeee;width: 85%;height: 1px;margin-top: 10px\"><\/div>\n\t\t\t\t\t\t\t<p class=\"evc-st-text\" style=\"color: #333333;margin-top: 25px\">\n\t\t\t\tEl tr\u00e1mite se realiza ante Digemid y est\u00e1 sujeto a evaluaci\u00f3n previa. La producci\u00f3n puede iniciar despu\u00e9s de su aprobaci\u00f3n.\t\t\t<\/p>\n\t\t\t\t\t<\/div>\n<\/div>\n[\/vc_column_inner][\/vc_row_inner][\/vc_column][vc_column width=&#8221;1\/6&#8243;][\/vc_column][\/vc_row][vc_row][vc_column width=&#8221;5\/6&#8243;][vc_empty_space height=&#8221;64px&#8221;][\/vc_column][vc_column width=&#8221;1\/6&#8243;][\/vc_column][\/vc_row][vc_row][vc_column width=&#8221;5\/6&#8243;]<div class=\"evc-section-title evc-shortcode \" style=\"text-align: left\">\n\t<div class=\"evc-st-inner\">\n\t\t\t\t\t<h4 class=\"evc-st-title\" style=\"color: #000000\">\n\t\t\t\t\u00c1reas B\u00e1sicas de un Laboratorio de Productos Cosm\u00e9ticos\t\t\t<\/h4>\n\t\t\t\t\t\t\t\t\t<\/div>\n<\/div>\n[vc_separator align=&#8221;align_left&#8221;][\/vc_column][vc_column width=&#8221;1\/6&#8243;][\/vc_column][\/vc_row][vc_row][vc_column width=&#8221;5\/6&#8243;][vc_column_text]\n<ul>\n<li>Gerencial General<\/li>\n<li>Gerencia Administrativa<\/li>\n<li>Direcci\u00f3n T\u00e9cnica\n<ul>\n<li><span style=\"color: #333333;\">Jefatura de Producci\u00f3n<\/span><\/li>\n<li><span style=\"color: #333333;\">Jefatura de Control de Calidad<\/span><\/li>\n<li><span style=\"color: #333333;\">Jefatura de Aseguramiento de la Calidad<\/span><\/li>\n<li><span style=\"color: #333333;\">Jefatura de Almacenamiento<\/span><\/li>\n<li><span style=\"color: #333333;\">Jefatura de Mantenimiento y Planeamiento de la Producci\u00f3n<\/span><\/li>\n<\/ul>\n<\/li>\n<li>Gerencia Comercial<\/li>\n<li>Gerencia de Finanzas<\/li>\n<\/ul>\n[\/vc_column_text][\/vc_column][vc_column width=&#8221;1\/6&#8243;][\/vc_column][\/vc_row][vc_row][vc_column width=&#8221;5\/6&#8243;][vc_empty_space][\/vc_column][vc_column width=&#8221;1\/6&#8243;][\/vc_column][\/vc_row][vc_row][vc_column width=&#8221;5\/6&#8243;]<div class=\"evc-section-title evc-shortcode \" style=\"text-align: left\">\n\t<div class=\"evc-st-inner\">\n\t\t\t\t\t<h4 class=\"evc-st-title\" style=\"color: #000000\">\n\t\t\t\tRequisitos de la Solicitud de Autorizaci\u00f3n Sanitaria de Funcionamiento\t\t\t<\/h4>\n\t\t\t\t\t\t\t\t\t<\/div>\n<\/div>\n[vc_separator align=&#8221;align_left&#8221;][\/vc_column][vc_column width=&#8221;1\/6&#8243;][\/vc_column][\/vc_row][vc_row][vc_column width=&#8221;5\/6&#8243;][vc_column_text]<span style=\"color: #333333;\">&#8211; Formato con car\u00e1cter de Declaraci\u00f3n Jurada.<\/span>[\/vc_column_text][vc_column_text]<span style=\"color: #333333;\">&#8211; Croquis de distribuci\u00f3n de las \u00e1reas del laboratorio. Indicando el volumen \u00fatil de almacenamiento m\u00e1ximo en metros c\u00fabicos por cada \u00e1rea.<\/span>[\/vc_column_text][vc_column_text]<span style=\"color: #333333;\">&#8211; Diagrama de flujo de los procesos de producci\u00f3n, por cada forma cosm\u00e9tica.<\/span>[\/vc_column_text][vc_column_text]<span style=\"color: #333333;\">&#8211; Croquis de los sistemas de apoyo cr\u00edtico.<\/span>[\/vc_column_text][vc_column_text]<span style=\"color: #333333;\">&#8211; Relaci\u00f3n de los equipos cr\u00edticos para la producci\u00f3n y control de calidad.<\/span>[\/vc_column_text][vc_column_text]\n<p style=\"text-align: justify;\"><span style=\"color: #333333;\">La documentaci\u00f3n ser\u00e1 ingresada por la mesa de partes de la Direcci\u00f3n General de Medicamentos, Insumos y Drogas (Digemid).<\/span><\/p>\n[\/vc_column_text][\/vc_column][vc_column width=&#8221;1\/6&#8243;][\/vc_column][\/vc_row][vc_row][vc_column width=&#8221;5\/6&#8243;][vc_empty_space][\/vc_column][vc_column width=&#8221;1\/6&#8243;][\/vc_column][\/vc_row][vc_row][vc_column width=&#8221;5\/6&#8243;]<div class=\"evc-section-title evc-shortcode \" style=\"text-align: left\">\n\t<div class=\"evc-st-inner\">\n\t\t\t\t\t<h4 class=\"evc-st-title\" style=\"color: #000000\">\n\t\t\t\tCosto y Tiempo de Evaluaci\u00f3n\t\t\t<\/h4>\n\t\t\t\t\t\t\t\t\t<\/div>\n<\/div>\n[vc_separator align=&#8221;align_left&#8221;][\/vc_column][vc_column width=&#8221;1\/6&#8243;][\/vc_column][\/vc_row][vc_row][vc_column width=&#8221;5\/6&#8243;][vc_column_text]\n<p style=\"text-align: justify;\"><span style=\"color: #333333;\">La tasa de salud o derecho de tramitaci\u00f3n asciende a S\/ 711.3 soles y se paga en el Banco de la Naci\u00f3n. El tiempo de evaluaci\u00f3n del expediente es de 30 d\u00edas h\u00e1biles.<\/span><\/p>\n[\/vc_column_text][\/vc_column][vc_column width=&#8221;1\/6&#8243;][\/vc_column][\/vc_row][vc_row][vc_column width=&#8221;5\/6&#8243;][vc_empty_space height=&#8221;64px&#8221;][\/vc_column][vc_column width=&#8221;1\/6&#8243;][\/vc_column][\/vc_row][vc_row][vc_column width=&#8221;5\/6&#8243;]<div class=\"evc-section-title evc-shortcode \" style=\"text-align: left\">\n\t<div class=\"evc-st-inner\">\n\t\t\t\t\t<h4 class=\"evc-st-title\" style=\"color: #000000\">\n\t\t\t\tCont\u00e1ctenos\t\t\t<\/h4>\n\t\t\t\t\t\t\t\t\t<\/div>\n<\/div>\n[vc_separator align=&#8221;align_left&#8221;]\n<div class=\"wpcf7 no-js\" id=\"wpcf7-f1799-o1\" lang=\"es-ES\" dir=\"ltr\" data-wpcf7-id=\"1799\">\n<div class=\"screen-reader-response\"><p role=\"status\" aria-live=\"polite\" aria-atomic=\"true\"><\/p> <ul><\/ul><\/div>\n<form action=\"\/es\/wp-json\/wp\/v2\/pages\/2786#wpcf7-f1799-o1\" method=\"post\" class=\"wpcf7-form init\" aria-label=\"Contact form\" novalidate=\"novalidate\" data-status=\"init\">\n<div style=\"display: none;\">\n<input type=\"hidden\" name=\"_wpcf7\" value=\"1799\" \/>\n<input type=\"hidden\" name=\"_wpcf7_version\" value=\"6.0.6\" \/>\n<input type=\"hidden\" name=\"_wpcf7_locale\" value=\"es_ES\" \/>\n<input type=\"hidden\" name=\"_wpcf7_unit_tag\" value=\"wpcf7-f1799-o1\" \/>\n<input type=\"hidden\" name=\"_wpcf7_container_post\" value=\"0\" \/>\n<input type=\"hidden\" name=\"_wpcf7_posted_data_hash\" value=\"\" \/>\n<input type=\"hidden\" name=\"_wpcf7_recaptcha_response\" value=\"\" \/>\n<\/div>\n<div class=\"row-10 clearfix\">\n\t<div class=\"col-md-4 co-sm-6 col-xs-12\">\n\t\t<div class=\"form-group\">\n\t\t\t<p><span class=\"wpcf7-form-control-wrap\" data-name=\"form_name\"><input size=\"40\" maxlength=\"400\" class=\"wpcf7-form-control wpcf7-text wpcf7-validates-as-required form-control\" aria-required=\"true\" aria-invalid=\"false\" placeholder=\"Nombre *\" value=\"\" type=\"text\" name=\"form_name\" \/><\/span>\n\t\t\t<\/p>\n\t\t<\/div>\n\t\t<div class=\"form-group\">\n\t\t\t<p><span class=\"wpcf7-form-control-wrap\" data-name=\"form_email\"><input size=\"40\" maxlength=\"400\" class=\"wpcf7-form-control wpcf7-email wpcf7-validates-as-required wpcf7-text wpcf7-validates-as-email form-control required email\" aria-required=\"true\" aria-invalid=\"false\" placeholder=\"Correo electr\u00f3nico *\" value=\"\" type=\"email\" name=\"form_email\" \/><\/span>\n\t\t\t<\/p>\n\t\t<\/div>\n\t<\/div>\n\t<div class=\"col-md-8 co-sm-6 col-xs-12\">\n\t\t<div class=\"form-group style-2\">\n\t\t\t<p><span class=\"wpcf7-form-control-wrap\" data-name=\"form_message\"><textarea cols=\"40\" rows=\"10\" maxlength=\"2000\" class=\"wpcf7-form-control wpcf7-textarea form-control textarea required\" aria-invalid=\"false\" placeholder=\"Mensaje\" name=\"form_message\"><\/textarea><\/span>\n\t\t\t<\/p>\n\t\t<\/div>\n\t<\/div>\n\t<div class=\"col-md-12 col-sm-12 col-xs-12\">\n\t\t<p><input class=\"wpcf7-form-control wpcf7-submit has-spinner thm-btn thm-color\" type=\"submit\" value=\"ENVIAR\" \/>\n\t\t<\/p>\n\t<\/div>\n<\/div><p style=\"display: none !important;\" class=\"akismet-fields-container\" data-prefix=\"_wpcf7_ak_\"><label>&#916;<textarea name=\"_wpcf7_ak_hp_textarea\" cols=\"45\" rows=\"8\" maxlength=\"100\"><\/textarea><\/label><input type=\"hidden\" id=\"ak_js_1\" name=\"_wpcf7_ak_js\" value=\"249\"\/><script>document.getElementById( \"ak_js_1\" ).setAttribute( \"value\", ( new Date() ).getTime() );<\/script><\/p><div class=\"wpcf7-response-output\" aria-hidden=\"true\"><\/div>\n<\/form>\n<\/div>\n[\/vc_column][vc_column width=&#8221;1\/6&#8243;][\/vc_column][\/vc_row][vc_row][vc_column width=&#8221;5\/6&#8243;][vc_empty_space][\/vc_column][vc_column width=&#8221;1\/6&#8243;][\/vc_column][\/vc_row][vc_row][vc_column width=&#8221;5\/6&#8243;][vc_column_text]\n<h6><span style=\"color: #333333;\">Cont\u00e1ctenos en WhatsApp al <a href=\"https:\/\/wa.me\/message\/QOAQ7DG7ZJG2C1\" target=\"_blank\" rel=\"noopener\">997556699<\/a> o mediante el correo <a href=\"mailto:informes@pharmaconsulting.pe\" target=\"_blank\" rel=\"noopener\">informes@pharmaconsulting.pe<\/a> y cotice nuestro servicio de registro de laboratorio de productos cosm\u00e9ticos en Per\u00fa.<\/span><\/h6>\n[\/vc_column_text][\/vc_column][vc_column width=&#8221;1\/6&#8243;][\/vc_column][\/vc_row][vc_row][vc_column width=&#8221;5\/6&#8243;][vc_empty_space height=&#8221;64px&#8221;][\/vc_column][vc_column width=&#8221;1\/6&#8243;][\/vc_column][\/vc_row][vc_row full_width=&#8221;stretch_row&#8221; css=&#8221;.vc_custom_1677518890608{background-color: #28348a !important;}&#8221;][vc_column width=&#8221;1\/3&#8243;][vc_single_image image=&#8221;1299&#8243; img_size=&#8221;full&#8221;][\/vc_column][vc_column width=&#8221;2\/3&#8243;][vc_column_text]\n<h5 style=\"text-align: center; margin-top: 8px;\"><span style=\"color: #ffffff;\">Con m\u00e1s de 15 a\u00f1os de experiencia, nos aseguraremos de que obtenga la mejor orientaci\u00f3n.<\/span><\/h5>\n[\/vc_column_text][\/vc_column][\/vc_row]\n<\/div>","protected":false},"excerpt":{"rendered":"<p>[vc_row][vc_column width=&#8221;5\/6&#8243;][vc_single_image image=&#8221;2808&#8243; img_size=&#8221;full&#8221;][\/vc_column][vc_column width=&#8221;1\/6&#8243;][\/vc_column][\/vc_row][vc_row][vc_column width=&#8221;5\/6&#8243;][vc_column_text] Un laboratorio de productos cosm\u00e9ticos es aquel establecimiento que fabrica, envasa, acondiciona o maquila sustancias o formulaciones destinadas a ser puestas en contacto con las partes superficiales del cuerpo humano o con los dientes y las mucosas, con el fin de limpiarlas, perfumarlas, modificar o mejorar su aspecto, protegerlas,<\/p>\n","protected":false},"author":2,"featured_media":2790,"parent":0,"menu_order":0,"comment_status":"closed","ping_status":"closed","template":"","meta":{"footnotes":""},"class_list":["post-2786","page","type-page","status-publish","has-post-thumbnail","hentry"],"_links":{"self":[{"href":"https:\/\/pharmaconsulting.pbt.com.bo\/es\/wp-json\/wp\/v2\/pages\/2786","targetHints":{"allow":["GET"]}}],"collection":[{"href":"https:\/\/pharmaconsulting.pbt.com.bo\/es\/wp-json\/wp\/v2\/pages"}],"about":[{"href":"https:\/\/pharmaconsulting.pbt.com.bo\/es\/wp-json\/wp\/v2\/types\/page"}],"author":[{"embeddable":true,"href":"https:\/\/pharmaconsulting.pbt.com.bo\/es\/wp-json\/wp\/v2\/users\/2"}],"replies":[{"embeddable":true,"href":"https:\/\/pharmaconsulting.pbt.com.bo\/es\/wp-json\/wp\/v2\/comments?post=2786"}],"version-history":[{"count":5,"href":"https:\/\/pharmaconsulting.pbt.com.bo\/es\/wp-json\/wp\/v2\/pages\/2786\/revisions"}],"predecessor-version":[{"id":2819,"href":"https:\/\/pharmaconsulting.pbt.com.bo\/es\/wp-json\/wp\/v2\/pages\/2786\/revisions\/2819"}],"wp:featuredmedia":[{"embeddable":true,"href":"https:\/\/pharmaconsulting.pbt.com.bo\/es\/wp-json\/wp\/v2\/media\/2790"}],"wp:attachment":[{"href":"https:\/\/pharmaconsulting.pbt.com.bo\/es\/wp-json\/wp\/v2\/media?parent=2786"}],"curies":[{"name":"wp","href":"https:\/\/api.w.org\/{rel}","templated":true}]}}