{"id":2592,"date":"2022-12-07T16:50:55","date_gmt":"2022-12-07T21:50:55","guid":{"rendered":"https:\/\/pharmaconsulting.pe\/?page_id=2592"},"modified":"2024-11-12T12:28:18","modified_gmt":"2024-11-12T17:28:18","slug":"directorio-de-proveedores","status":"publish","type":"page","link":"https:\/\/pharmaconsulting.pbt.com.bo\/es\/directorio-de-proveedores\/","title":{"rendered":"Directorio de proveedores"},"content":{"rendered":"<div class=\"wpb-content-wrapper\">[vc_row][vc_column][vc_column_text css=&#8221;&#8221;]\n<p style=\"text-align: justify;\"><span style=\"color: #333333;\">Nuestro directorio de proveedores es producto de un minucioso trabajo de recolecci\u00f3n de la informaci\u00f3n disponible sobre empresas fabricantes locales y extranjeras. A continuaci\u00f3n, podr\u00e1 encontrar fabricantes de los siguientes rubros: equipos m\u00e9dicos y biom\u00e9dicos, productos farmac\u00e9uticos, material m\u00e9dico y odontol\u00f3gico, productos diet\u00e9ticos, reactivos de diagn\u00f3stico, productos cosm\u00e9ticos.<\/span><\/p>\n[\/vc_column_text][vc_separator][\/vc_column][\/vc_row][vc_row][vc_column][vc_custom_heading text=&#8221;\u00cdndice por categor\u00edas&#8221; font_container=&#8221;tag:h2|font_size:24|text_align:left&#8221; use_theme_fonts=&#8221;yes&#8221; css=&#8221;&#8221;][vc_column_text css=&#8221;&#8221;]\n<p style=\"text-align: justify;\"><span style=\"color: #333333;\">Haga clic en la categor\u00eda de su inter\u00e9s para acceder directamente a la informaci\u00f3n de los fabricantes.<\/span><\/p>\n[\/vc_column_text][\/vc_column][\/vc_row][vc_row equal_height=&#8221;yes&#8221; content_placement=&#8221;top&#8221; css=&#8221;.vc_custom_1727454690481{margin-top: 16px !important;margin-bottom: 16px !important;}&#8221;][vc_column width=&#8221;1\/3&#8243;][vc_custom_heading text=&#8221;Proveedor de insumos m\u00e9dicos descartables&#8221; font_container=&#8221;tag:h3|text_align:center&#8221; use_theme_fonts=&#8221;yes&#8221; css=&#8221;&#8221;][vc_cta h2=&#8221;Pa\u00eds: India&#8221; h2_font_container=&#8221;tag:h2|font_size:18|text_align:left|color:%23000000|line_height:2&#8243; h2_use_theme_fonts=&#8221;yes&#8221; h4=&#8221;Cat\u00e1logo de productos&#8221; h4_font_container=&#8221;tag:h6|font_size:16|text_align:left|color:%23646464&#8243; h4_use_theme_fonts=&#8221;yes&#8221; color=&#8221;black&#8221; add_button=&#8221;bottom&#8221; btn_title=&#8221;Datos de contacto&#8221; btn_i_align=&#8221;right&#8221; btn_i_icon_fontawesome=&#8221;fas fa-mouse-pointer&#8221; css=&#8221;&#8221; use_custom_fonts_h2=&#8221;true&#8221; use_custom_fonts_h4=&#8221;true&#8221; btn_add_icon=&#8221;true&#8221; btn_link=&#8221;url:https%3A%2F%2Fwa.me%2F%2B51997556699%3Ftext%3DBusco%2520datos%2520de%2520un%2520proveedor|title:Ver|target:_blank&#8221;]\n<p style=\"text-align: justify;\">Cat\u00e9ter intravenoso con v\u00e1lvula de inyecci\u00f3n con y si aletas, cat\u00e9ter intravenoso con aletas para neonato, cat\u00e9ter intravenoso con llave de tres pasos, cat\u00e9ter intravenoso sin v\u00e1lvula de inyecci\u00f3n, tubo de extensi\u00f3n con llave de tres pasos, llaves de tres pasos, sistema de infusi\u00f3n intravenosa con llaves de paso en l\u00ednea, set de infusi\u00f3n de fluidos intravenosos con regulador de flujo, set de extensi\u00f3n de regulador de flujo de fluido intravenoso, tubo de extensi\u00f3n de baja presi\u00f3n, l\u00ednea de extensi\u00f3n de alta presi\u00f3n, tapa Luer, cat\u00e9ter venoso central, cat\u00e9ter venoso central de poliuretano, kit para hemodi\u00e1lisis, tubo endotraqueal, cat\u00e9ter de succi\u00f3n, aguja epidural, kit epidural, ejercitador respiratorio, m\u00e1scara de oxigeno, mascarilla para nebulizaci\u00f3n, set de tubos para oxigenoterapia, extractor de moco, sonda de alimentaci\u00f3n enteral, tubo de Ryel, cat\u00e9ter tor\u00e1cico, c\u00e1nula Yankauer con tubo colector, cat\u00e9ter Nelaton.<\/p>\n<p>Certificaciones: ISO 9001:2008, ISO 13485:2003, Directiva del Concejo Europeo 93\/42\/CEE, marcado CE[\/vc_cta][\/vc_column][vc_column width=&#8221;1\/3&#8243;][vc_custom_heading text=&#8221;Proveedor de productos y art\u00edculos para beb\u00e9&#8221; font_container=&#8221;tag:h3|text_align:center&#8221; use_theme_fonts=&#8221;yes&#8221; css=&#8221;&#8221;][vc_cta h2=&#8221;Pa\u00eds: Pakist\u00e1n&#8221; h2_font_container=&#8221;tag:h2|font_size:18|text_align:left|color:%23000000|line_height:2&#8243; h2_use_theme_fonts=&#8221;yes&#8221; h4=&#8221;Cat\u00e1logo de productos&#8221; h4_font_container=&#8221;tag:h6|font_size:16|text_align:left|color:%23646464&#8243; h4_use_theme_fonts=&#8221;yes&#8221; color=&#8221;black&#8221; add_button=&#8221;bottom&#8221; btn_title=&#8221;Datos de contacto&#8221; btn_i_align=&#8221;right&#8221; btn_i_icon_fontawesome=&#8221;fas fa-mouse-pointer&#8221; css=&#8221;&#8221; use_custom_fonts_h2=&#8221;true&#8221; use_custom_fonts_h4=&#8221;true&#8221; btn_add_icon=&#8221;true&#8221; btn_link=&#8221;url:https%3A%2F%2Fwa.me%2F%2B51997556699%3Ftext%3DBusco%2520datos%2520de%2520un%2520proveedor|title:Ver&#8221;]\n<p style=\"text-align: justify;\">Biber\u00f3n de propileno, biber\u00f3n con tetina de silicona, biber\u00f3n antic\u00f3lico, biber\u00f3n con forma anat\u00f3mica, biber\u00f3n libre de BPA, tetina de silicona, tetina de silicona con flujo variable, tetina antic\u00f3lico, mordedor, chup\u00f3n de silicona, contenedor para alimentos, taza para alimentaci\u00f3n, taza para l\u00edquido, taza para entrenamiento, pa\u00f1itos h\u00famedos para beb\u00e9, toallita hipoalerg\u00e9nica, toallita libre de alcohol, set de cuchara y tenedor pl\u00e1stico, biber\u00f3n con cuchara, cepillo para limpieza de biber\u00f3n, babero de silicona, biber\u00f3n de algod\u00f3n, mordedor sonaja, dedal de silicona, cepillo dedal, set de cepillo dental, limpialengua, set de cuidado personal para el beb\u00e9, term\u00f3metro para beb\u00e9, peine para beb\u00e9, corta\u00fa\u00f1a para beb\u00e9, limador de u\u00f1a para beb\u00e9, aspirador nasal, contenedor de leche en polvo.<\/p>\n<p style=\"text-align: justify;\">Certificaciones: Libre de bisfenol (BPA), BPA free<\/p>\n[\/vc_cta][\/vc_column][vc_column width=&#8221;1\/3&#8243;][vc_custom_heading text=&#8221;Proveedor de equipos de laboratorio farmac\u00e9utico&#8221; font_container=&#8221;tag:h3|text_align:center&#8221; use_theme_fonts=&#8221;yes&#8221; css=&#8221;&#8221;][vc_cta h2=&#8221;Pa\u00eds: India&#8221; h2_font_container=&#8221;tag:h2|font_size:18|text_align:left|color:%23000000|line_height:2&#8243; h2_use_theme_fonts=&#8221;yes&#8221; h4=&#8221;Cat\u00e1logo de productos&#8221; h4_font_container=&#8221;tag:h6|font_size:16|text_align:left|color:%23646464&#8243; h4_use_theme_fonts=&#8221;yes&#8221; color=&#8221;black&#8221; add_button=&#8221;bottom&#8221; btn_title=&#8221;Datos de contacto&#8221; btn_i_align=&#8221;right&#8221; btn_i_icon_fontawesome=&#8221;fas fa-mouse-pointer&#8221; css=&#8221;&#8221; use_custom_fonts_h2=&#8221;true&#8221; use_custom_fonts_h4=&#8221;true&#8221; btn_add_icon=&#8221;true&#8221; btn_link=&#8221;url:https%3A%2F%2Fwa.me%2F%2B51997556699%3Ftext%3DBusco%2520datos%2520de%2520un%2520proveedor|title:Ver&#8221;]\n<p style=\"text-align: justify;\">Fabricante de equipos para plantas farmac\u00e9uticas tales como planta procesadora de inyectables est\u00e9riles, fluidos para administraci\u00f3n intravenosa, planta procesadora de cremas, ung\u00fcentos, ung\u00fcentos est\u00e9riles, lociones, champ\u00fas y dent\u00edfricos, planta procesadora de l\u00edquidos, suspensiones, jarabes, planta procesadora de geles, planta procesadora de nebulizadores a dosis controlada, sprays t\u00f3picos y aerosoles, bioreactores, fermentadores, sistema CIP\/SIP, sistema de tratamiento de agua, esterilizadores por vapor y calor seco, entre otros.<\/p>\n<p style=\"text-align: justify;\">Certificaciones:ISO 9001:2015, ISO 13485:2012, ISO 13485:2016 y Directiva del Concejo Europeo 93\/42\/CEE<\/p>\n[\/vc_cta][\/vc_column][\/vc_row][vc_row equal_height=&#8221;yes&#8221; content_placement=&#8221;top&#8221; css=&#8221;.vc_custom_1727454690481{margin-top: 16px !important;margin-bottom: 16px !important;}&#8221;][vc_column width=&#8221;1\/3&#8243;][vc_custom_heading text=&#8221;Proveedor de equipos de laboratorio farmac\u00e9utico&#8221; font_container=&#8221;tag:h3|text_align:center&#8221; use_theme_fonts=&#8221;yes&#8221; css=&#8221;&#8221;][vc_cta h2=&#8221;Pa\u00eds: EE.UU.&#8221; h2_font_container=&#8221;tag:h2|font_size:18|text_align:left|color:%23000000|line_height:2&#8243; h2_use_theme_fonts=&#8221;yes&#8221; h4=&#8221;Cat\u00e1logo de productos&#8221; h4_font_container=&#8221;tag:h6|font_size:16|text_align:left|color:%23646464&#8243; h4_use_theme_fonts=&#8221;yes&#8221; color=&#8221;black&#8221; add_button=&#8221;bottom&#8221; btn_title=&#8221;Datos de contacto&#8221; btn_align=&#8221;left&#8221; btn_i_align=&#8221;right&#8221; btn_i_icon_fontawesome=&#8221;fas fa-mouse-pointer&#8221; css=&#8221;&#8221; use_custom_fonts_h2=&#8221;true&#8221; use_custom_fonts_h4=&#8221;true&#8221; btn_add_icon=&#8221;true&#8221; btn_link=&#8221;url:https%3A%2F%2Fwa.me%2F%2B51997556699%3Ftext%3DBusco%2520datos%2520de%2520un%2520proveedor|target:_blank&#8221;]\n<p style=\"text-align: justify;\">Autoclave, congelador, campana de extracci\u00f3n, hornos, centr\u00edfuga, incubador, cabina de seguridad biol\u00f3gica, calor\u00edmetro, homogeneizador, balanza, prensa hidr\u00e1ulica, incubador, contador de colonias, contenedor para nitr\u00f3geno, microscopio, contador de part\u00edculas, refract\u00f3metro, espectr\u00f3metro, fotoespectr\u00f3metro, sistema de purificaci\u00f3n de agua, sistema de vac\u00edo, sistema de extracci\u00f3n de ADN, entre otros. Insumos: tubo para muestra de sangre, punta para pipeta, beaker de pl\u00e1stico, guantes, accesorios para cultivos, racks y cajas, accesorios para PCR, tubos y microtubos para centr\u00edfuga, dispensadores, viales para criocongelamiento, pipetas, cajas de bioseguridad.<\/p>\n[\/vc_cta][\/vc_column][vc_column width=&#8221;1\/3&#8243;][vc_custom_heading text=&#8221;Proveedor de equipos de neurofisiolog\u00eda y medicina del sue\u00f1o&#8221; font_container=&#8221;tag:h3|text_align:center&#8221; use_theme_fonts=&#8221;yes&#8221; css=&#8221;&#8221;][vc_cta h2=&#8221;Pa\u00eds: EE.UU.&#8221; h2_font_container=&#8221;tag:h2|font_size:18|text_align:left|color:%23000000|line_height:2&#8243; h2_use_theme_fonts=&#8221;yes&#8221; h4=&#8221;Cat\u00e1logo de productos&#8221; h4_font_container=&#8221;tag:h6|font_size:16|text_align:left|color:%23646464&#8243; h4_use_theme_fonts=&#8221;yes&#8221; color=&#8221;black&#8221; add_button=&#8221;bottom&#8221; btn_title=&#8221;Datos de contacto&#8221; btn_i_align=&#8221;right&#8221; btn_i_icon_fontawesome=&#8221;fas fa-mouse-pointer&#8221; css=&#8221;&#8221; use_custom_fonts_h2=&#8221;true&#8221; use_custom_fonts_h4=&#8221;true&#8221; btn_add_icon=&#8221;true&#8221; btn_link=&#8221;url:https%3A%2F%2Fwa.me%2F%2B51997556699%3Ftext%3DBusco%2520datos%2520de%2520un%2520proveedor|title:Ver&#8221;]\n<p style=\"text-align: justify;\">Electroencefal\u00f3grafo, electroencefal\u00f3grafo ambulatorio, equipo para monitoreo cerebral, estimulador f\u00f3tico, polisonmn\u00f3grafo, polisomn\u00f3grafo ambulatorio, pol\u00edgrafo respiratorio, electrodo descartable, electrodo copa de oro, electrodo de broche, banda piezo el\u00e9ctrica, pasta conductora, sensore de oximetr\u00eda, sensor de flujo respiratorio, termistor pedi\u00e1trico, termistor neonatal, c\u00e1nula nasal, sensor de ronquido, sensor de posici\u00f3n, sensor de estuerzo respiratorio, sensor de presi\u00f3n, software de an\u00e1lisis digital y mapeo cerebral, software de base de datos.<\/p>\n<p style=\"text-align: justify;\">Certificaciones: ISO 13485<\/p>\n[\/vc_cta][\/vc_column][vc_column width=&#8221;1\/3&#8243;][vc_custom_heading text=&#8221;Proveedor de equipos de laboratorio farmac\u00e9utico&#8221; font_container=&#8221;tag:h3|text_align:center&#8221; use_theme_fonts=&#8221;yes&#8221; css=&#8221;&#8221;][vc_cta h2=&#8221;Pa\u00eds: India&#8221; h2_font_container=&#8221;tag:h2|font_size:18|text_align:left|color:%23000000|line_height:2&#8243; h2_use_theme_fonts=&#8221;yes&#8221; h4=&#8221;Cat\u00e1logo de productos&#8221; h4_font_container=&#8221;tag:h6|font_size:16|text_align:left|color:%23646464&#8243; h4_use_theme_fonts=&#8221;yes&#8221; color=&#8221;black&#8221; add_button=&#8221;bottom&#8221; btn_title=&#8221;Datos de contacto&#8221; btn_i_align=&#8221;right&#8221; btn_i_icon_fontawesome=&#8221;fas fa-mouse-pointer&#8221; css=&#8221;&#8221; use_custom_fonts_h2=&#8221;true&#8221; use_custom_fonts_h4=&#8221;true&#8221; btn_add_icon=&#8221;true&#8221; btn_link=&#8221;url:https%3A%2F%2Fwa.me%2F%2B51997556699%3Ftext%3DBusco%2520datos%2520de%2520un%2520proveedor|title:Ver&#8221;]\n<p style=\"text-align: justify;\">Fabricante de equipos para plantas farmac\u00e9uticas tales como planta procesadora de inyectables est\u00e9riles, fluidos para administraci\u00f3n intravenosa, planta procesadora de cremas, ung\u00fcentos, ung\u00fcentos est\u00e9riles, lociones, champ\u00fas y dent\u00edfricos, planta procesadora de l\u00edquidos, suspensiones, jarabes, planta procesadora de geles, planta procesadora de nebulizadores a dosis controlada, sprays t\u00f3picos y aerosoles, bioreactores, fermentadores, sistema CIP\/SIP, sistema de tratamiento de agua, esterilizadores por vapor y calor seco, entre otros.<\/p>\n<p style=\"text-align: justify;\">Certificaciones:ISO 9001:2015, ISO 13485:2012, ISO 13485:2016 y Directiva del Concejo Europeo 93\/42\/CEE<\/p>\n[\/vc_cta][\/vc_column][\/vc_row]\n<\/div>","protected":false},"excerpt":{"rendered":"<p>[vc_row][vc_column][vc_column_text css=&#8221;&#8221;] Nuestro directorio de proveedores es producto de un minucioso trabajo de recolecci\u00f3n de la informaci\u00f3n disponible sobre empresas fabricantes locales y extranjeras. A continuaci\u00f3n, podr\u00e1 encontrar fabricantes de los siguientes rubros: equipos m\u00e9dicos y biom\u00e9dicos, productos farmac\u00e9uticos, material m\u00e9dico y odontol\u00f3gico, productos diet\u00e9ticos, reactivos de diagn\u00f3stico, productos cosm\u00e9ticos. [\/vc_column_text][vc_separator][\/vc_column][\/vc_row][vc_row][vc_column][vc_custom_heading text=&#8221;\u00cdndice por categor\u00edas&#8221; font_container=&#8221;tag:h2|font_size:24|text_align:left&#8221;<\/p>\n","protected":false},"author":2,"featured_media":0,"parent":0,"menu_order":0,"comment_status":"closed","ping_status":"closed","template":"","meta":{"footnotes":""},"class_list":["post-2592","page","type-page","status-publish","hentry"],"_links":{"self":[{"href":"https:\/\/pharmaconsulting.pbt.com.bo\/es\/wp-json\/wp\/v2\/pages\/2592","targetHints":{"allow":["GET"]}}],"collection":[{"href":"https:\/\/pharmaconsulting.pbt.com.bo\/es\/wp-json\/wp\/v2\/pages"}],"about":[{"href":"https:\/\/pharmaconsulting.pbt.com.bo\/es\/wp-json\/wp\/v2\/types\/page"}],"author":[{"embeddable":true,"href":"https:\/\/pharmaconsulting.pbt.com.bo\/es\/wp-json\/wp\/v2\/users\/2"}],"replies":[{"embeddable":true,"href":"https:\/\/pharmaconsulting.pbt.com.bo\/es\/wp-json\/wp\/v2\/comments?post=2592"}],"version-history":[{"count":5,"href":"https:\/\/pharmaconsulting.pbt.com.bo\/es\/wp-json\/wp\/v2\/pages\/2592\/revisions"}],"predecessor-version":[{"id":3149,"href":"https:\/\/pharmaconsulting.pbt.com.bo\/es\/wp-json\/wp\/v2\/pages\/2592\/revisions\/3149"}],"wp:attachment":[{"href":"https:\/\/pharmaconsulting.pbt.com.bo\/es\/wp-json\/wp\/v2\/media?parent=2592"}],"curies":[{"name":"wp","href":"https:\/\/api.w.org\/{rel}","templated":true}]}}