{"id":1721,"date":"2021-10-30T00:32:35","date_gmt":"2021-10-30T00:32:35","guid":{"rendered":"https:\/\/pharmaconsulting.pe\/dietary-supplement-sweeteners-registration-in-peru\/"},"modified":"2022-12-13T12:22:18","modified_gmt":"2022-12-13T17:22:18","slug":"registro-sanitario-de-suplementos-dieteticos-y-edulcorantes-digemid","status":"publish","type":"page","link":"https:\/\/pharmaconsulting.pbt.com.bo\/es\/registro-sanitario-de-suplementos-dieteticos-y-edulcorantes-digemid\/","title":{"rendered":"Registro Sanitario de Suplementos Diet\u00e9ticos y Edulcorantes"},"content":{"rendered":"<div class=\"wpb-content-wrapper\">[vc_row][vc_column][vc_single_image image=&#8221;1676&#8243; img_size=&#8221;full&#8221; alignment=&#8221;center&#8221;][vc_custom_heading text=&#8221;Suplementos Diet\u00e9ticos&#8221; font_container=&#8221;tag:h4|text_align:left&#8221; use_theme_fonts=&#8221;yes&#8221;][vc_column_text]\n<p style=\"text-align: justify;\"><span style=\"color: #333333;\">Un suplemento diet\u00e9tico (<em>dietary<\/em> <em>supplement<\/em>) o suplemento nutricional es aquel producto cuyo prop\u00f3sito es complementar la dieta normal y que consiste en fuentes concentradas de nutrientes o de otras sustancias que posean un efecto nutricional o fisiol\u00f3gico en forma simple o combinada y dosificada. Adem\u00e1s, los suplementos diet\u00e9ticos son productos que s\u00f3lo deben administrarse por v\u00eda oral.<\/span><\/p>\n[\/vc_column_text][vc_column_text]\n<p style=\"text-align: justify;\"><span style=\"color: #333333;\">Este grupo de productos incluye vitaminas, minerales, amino\u00e1cidos, extractos vegetales, enzimas, sustancias qu\u00edmicas como la glucosamina, metilsulfonilmetano, \u00e1cido hialur\u00f3nico, flavonoides, probi\u00f3ticos y cualquier otra sustancia nutricional destinada a complementar nuestra dieta diaria o reducir el riesgo de desarrollar enfermedades. Los suplementos diet\u00e9ticos deben comercializarse en una forma farmac\u00e9utica definida como comprimidos, c\u00e1psulas, polvos, perlas, c\u00e1psulas de gel, jarabes, entre otros.<\/span><\/p>\n[\/vc_column_text][vc_row_inner][vc_column_inner width=&#8221;1\/2&#8243;][vc_custom_heading text=&#8221;Registro de Vitaminas&#8221; font_container=&#8221;tag:h6|text_align:left&#8221; use_theme_fonts=&#8221;yes&#8221;][vc_column_text]<span style=\"color: #333333;\">\u2022 Vitamina A (retinol, transretinilo)<\/span><\/p>\n<p style=\"text-align: justify;\"><span style=\"color: #000000;\">\u2022 Vitamina C (\u00e1cido asc\u00f3rbico, \u00e1cido deshidroasc\u00f3rbico)<\/span><\/p>\n<p><span style=\"color: #333333;\">\u2022 Vitamina D (colecalciferol, ergocalciferol)<\/span><\/p>\n<p><span style=\"color: #333333;\">\u2022 Vitamina E (tocoferol, tocoferilo)<\/span><\/p>\n<p><span style=\"color: #333333;\">\u2022 Vitaminas del complejo B: B1 (tiamina), B2 (riboflavina), B6, B12, biotina, niacina (B3), folatos (\u00e1cido f\u00f3lico), \u00e1cido pantot\u00e9nico<\/span><\/p>\n<p><span style=\"color: #333333;\">\u2022 Vitamina K (fitoquinona, menaquinona)<\/span><\/p>\n<p><span style=\"color: #333333;\">\u2022 Colina<\/span>[\/vc_column_text][vc_custom_heading text=&#8221;Registro de Nutrimentos Inorg\u00e1nicos (minerales)&#8221; font_container=&#8221;tag:h6|text_align:left&#8221; use_theme_fonts=&#8221;yes&#8221;][vc_column_text]<span style=\"color: #333333;\">\u2022 Calcio<\/span><\/p>\n<p style=\"text-align: justify;\"><span style=\"color: #000000;\">\u2022 Zinc<\/span><\/p>\n<p><span style=\"color: #333333;\">\u2022 Magnesio<\/span><\/p>\n<p><span style=\"color: #333333;\">\u2022 Selenio<\/span><\/p>\n<p><span style=\"color: #333333;\">\u2022 Hierro<\/span><\/p>\n<p><span style=\"color: #333333;\">\u2022 Boro<\/span><\/p>\n<p><span style=\"color: #333333;\">\u2022 Cloro<\/span><\/p>\n<p><span style=\"color: #333333;\">\u2022 Cobre<\/span><\/p>\n<p><span style=\"color: #333333;\">\u2022 Cromo<\/span><\/p>\n<p><span style=\"color: #333333;\">\u2022 Fl\u00faor<\/span><\/p>\n<p><span style=\"color: #333333;\">\u2022 F\u00f3sforo<\/span>[\/vc_column_text][vc_custom_heading text=&#8221;Registro de \u00c1cidos Grasos Insaturados&#8221; font_container=&#8221;tag:h6|text_align:left&#8221; use_theme_fonts=&#8221;yes&#8221;][vc_column_text]<span style=\"color: #333333;\">\u2022 Serie omega 3 (\u03c9-3) incluyendo el \u00e1cido linol\u00e9nico, \u00e1cido eicosapentaenoico o EPA, \u00e1cido docosahexaenoico o DHA<\/span><br \/>\n<span style=\"color: #333333;\">\u2022 Serie omega 6 (\u03c9-6) incluyendo el \u00e1cido linoleico y \u00e1cido araquid\u00f3nico.<\/span>[\/vc_column_text][\/vc_column_inner][vc_column_inner width=&#8221;1\/2&#8243;][vc_custom_heading text=&#8221;Registro de Amino\u00e1cidos&#8221; font_container=&#8221;tag:h6|text_align:left&#8221; use_theme_fonts=&#8221;yes&#8221;][vc_column_text]<span style=\"color: #333333;\">\u2022 \u00c1cido asp\u00e1rtico<\/span><\/p>\n<p><span style=\"color: #333333;\">\u2022 \u00c1cido glut\u00e1mico (glutamina)<\/span><\/p>\n<p style=\"text-align: justify;\"><span style=\"color: #000000;\">\u2022 Citrulina<\/span><\/p>\n<p><span style=\"color: #333333;\">\u2022 Ornitina<\/span><\/p>\n<p><span style=\"color: #333333;\">\u2022 Tirosina<\/span><\/p>\n<p><span style=\"color: #333333;\">\u2022 Glicina<\/span>[\/vc_column_text][vc_custom_heading text=&#8221;Registro de Amino\u00e1cidos Esenciales&#8221; font_container=&#8221;tag:h6|text_align:left&#8221; use_theme_fonts=&#8221;yes&#8221;][vc_column_text]<span style=\"color: #333333;\">\u2022 Arginina<\/span><\/p>\n<p><span style=\"color: #333333;\">\u2022 Treonina<\/span><\/p>\n<p style=\"text-align: justify;\"><span style=\"color: #333333;\">\u2022 Tript\u00f3fano<\/span><\/p>\n<p><span style=\"color: #333333;\">\u2022 Valina<\/span><\/p>\n<p><span style=\"color: #333333;\">\u2022 Metionina<\/span><\/p>\n<p><span style=\"color: #333333;\">\u2022 Leucina<\/span><\/p>\n<p><span style=\"color: #333333;\">\u2022 Isoleucina<\/span><\/p>\n<p><span style=\"color: #333333;\">\u2022 Lisina<\/span><\/p>\n<p><span style=\"color: #333333;\">\u2022 Fenilalanina<\/span><\/p>\n<p><span style=\"color: #333333;\">\u2022 Histidina y ciste\u00edna<\/span>[\/vc_column_text][vc_custom_heading text=&#8221;Registro de Glucosamina y Condroitina&#8221; font_container=&#8221;tag:h6|text_align:left&#8221; use_theme_fonts=&#8221;yes&#8221;][vc_column_text]\n<p style=\"text-align: justify;\"><span style=\"color: #333333;\">\u2022 Sulfato de glucosamina<\/span><\/p>\n<p><span style=\"color: #333333;\">\u2022 Sulfato de condroitina<\/span>[\/vc_column_text][vc_custom_heading text=&#8221;Registro de Espirulina&#8221; font_container=&#8221;tag:h6|text_align:left&#8221; use_theme_fonts=&#8221;yes&#8221;][vc_column_text]<span style=\"color: #333333;\">\u2022 Espirulina<\/span>[\/vc_column_text][\/vc_column_inner][\/vc_row_inner][\/vc_column][\/vc_row][vc_row][vc_column][vc_empty_space][vc_custom_heading text=&#8221;Edulcorantes&#8221; font_container=&#8221;tag:h4|text_align:left&#8221; use_theme_fonts=&#8221;yes&#8221;][vc_column_text]\n<p style=\"text-align: justify;\"><span style=\"color: #333333;\">Los edulcorantes o sustitutos del az\u00facar son productos formulados espec\u00edficamente para dar un sabor dulce a alimentos y bebidas sin aportar calor\u00edas. Este grupo de productos debe consumirse por v\u00eda oral.<\/span><\/p>\n[\/vc_column_text][vc_row_inner][vc_column_inner width=&#8221;1\/2&#8243;][vc_column_text]<span style=\"color: #333333;\">\u2022 Sacarina<\/span><\/p>\n<p style=\"text-align: justify;\"><span style=\"color: #333333;\">\u2022 Aspartame<\/span><\/p>\n<p><span style=\"color: #333333;\">\u2022 Taumatina (katemfe)<\/span>[\/vc_column_text][\/vc_column_inner][vc_column_inner width=&#8221;1\/2&#8243;][vc_column_text]<span style=\"color: #333333;\">\u2022 Stevia<\/span><\/p>\n<p style=\"text-align: justify;\"><span style=\"color: #333333;\">\u2022 Monelina<\/span><\/p>\n[\/vc_column_text][\/vc_column_inner][\/vc_row_inner][vc_column_text]\n<p style=\"text-align: justify;\"><span style=\"color: #333333;\">Los fabricantes de suplementos diet\u00e9ticos y edulcorantes no deben proclamar propiedades diagn\u00f3sticas, terap\u00e9uticas ni preventivas. Por ejemplo, &#8220;reduce el LDL alto&#8221;, &#8220;previene las enfermedades card\u00edacas&#8221; o &#8220;estimula el sistema inmunol\u00f3gico&#8221;, etc.<\/span><\/p>\n[\/vc_column_text][\/vc_column][\/vc_row][vc_row][vc_column][vc_empty_space][\/vc_column][\/vc_row][vc_row][vc_column]<div class=\"evc-section-title evc-shortcode \" style=\"text-align: left\">\n\t<div class=\"evc-st-inner\">\n\t\t\t\t\t<h5 class=\"evc-st-title\" style=\"color: #000000\">\n\t\t\t\tEtapas del Servicio\t\t\t<\/h5>\n\t\t\t\t\t\t\t\t\t<\/div>\n<\/div>\n[vc_separator align=&#8221;align_left&#8221;][\/vc_column][\/vc_row][vc_row equal_height=&#8221;yes&#8221;][vc_column][vc_tta_tabs active_section=&#8221;3&#8243; pagination_style=&#8221;outline-square&#8221;][vc_tta_section title=&#8221;Estrategia Regulatoria&#8221; tab_id=&#8221;1632514595199-685ed1a5-a2d67eb7-c1fa&#8221;]<div class=\"evc-icon-with-text evc-shortcode  evc-iwt-icon-left\">\n\t<div class=\"evc-iwt-icon-holder\">\n\t\t\t\n\t<span class=\"evc-iwt-icon far fa-lightbulb\" ><\/span>\n\t<\/div>\n\t<div class=\"evc-iwt-content\">\n\t\t\t<p class=\"evc-iwt-text\" style=\"color: #333333\">Definiremos la estrategia regulatoria \u00f3ptima para el registro sus productos, de acuerdo con su uso previsto.<\/p>\n\t<\/div>\n<\/div>\n[\/vc_tta_section][vc_tta_section title=&#8221;Evaluaci\u00f3n&#8221; tab_id=&#8221;1632514595212-bf10e867-be107eb7-c1fa&#8221;]<div class=\"evc-icon-with-text evc-shortcode  evc-iwt-icon-left\">\n\t<div class=\"evc-iwt-icon-holder\">\n\t\t\t\n\t<span class=\"evc-iwt-icon fas fa-search\" ><\/span>\n\t<\/div>\n\t<div class=\"evc-iwt-content\">\n\t\t\t<p class=\"evc-iwt-text\" style=\"color: #333333\">Evaluaci\u00f3n de la documentaci\u00f3n t\u00e9cnica, cient\u00edfica y regulatoria brindada por el fabricante.<\/p>\n\t<\/div>\n<\/div>\n[\/vc_tta_section][vc_tta_section title=&#8221;Registro&#8221; tab_id=&#8221;1632514885308-5d9bd856-b0127eb7-c1fa&#8221;]<div class=\"evc-icon-with-text evc-shortcode  evc-iwt-icon-left\">\n\t<div class=\"evc-iwt-icon-holder\">\n\t\t\t\n\t<span class=\"evc-iwt-icon fas fa-envelope-open-text\" ><\/span>\n\t<\/div>\n\t<div class=\"evc-iwt-content\">\n\t\t\t<p class=\"evc-iwt-text\" style=\"color: #333333\">Elaboraci\u00f3n de un expediente de registro completo y env\u00edo de la solicitud de registro a DIGEMID.<\/p>\n\t<\/div>\n<\/div>\n[\/vc_tta_section][vc_tta_section title=&#8221;Seguimiento&#8221; tab_id=&#8221;1632514886811-d22d2eb2-04d67eb7-c1fa&#8221;]<div class=\"evc-icon-with-text evc-shortcode  evc-iwt-icon-left\">\n\t<div class=\"evc-iwt-icon-holder\">\n\t\t\t\n\t<span class=\"evc-iwt-icon far fa-eye\" ><\/span>\n\t<\/div>\n\t<div class=\"evc-iwt-content\">\n\t\t\t<p class=\"evc-iwt-text\" style=\"color: #333333\">Seguimiento de solicitudes. Respuesta a las consultas y observaciones de los evaluadores de DIGEMID.<\/p>\n\t<\/div>\n<\/div>\n[\/vc_tta_section][\/vc_tta_tabs][\/vc_column][\/vc_row][vc_row][vc_column]<div class=\"evc-section-title evc-shortcode \" style=\"text-align: left\">\n\t<div class=\"evc-st-inner\">\n\t\t\t\t\t<h5 class=\"evc-st-title\" style=\"color: #000000\">\n\t\t\t\tM\u00e1s Servicios\t\t\t<\/h5>\n\t\t\t\t\t\t\t\t\t<\/div>\n<\/div>\n[vc_separator align=&#8221;align_left&#8221;][\/vc_column][\/vc_row][vc_row gap=&#8221;15&#8243;][vc_column width=&#8221;1\/4&#8243; css=&#8221;.vc_custom_1632412235670{margin-top: 5px !important;margin-bottom: 30px !important;border-top-width: 1px !important;border-right-width: 1px !important;border-bottom-width: 1px !important;border-left-width: 1px !important;padding-top: 5px !important;padding-right: 5px !important;padding-bottom: 15px !important;padding-left: 5px !important;border-left-color: #eeeeee !important;border-left-style: solid !important;border-right-color: #eeeeee !important;border-right-style: solid !important;border-top-color: #eeeeee !important;border-top-style: solid !important;border-bottom-color: #eeeeee !important;border-bottom-style: solid !important;}&#8221;]<div class=\"evc-section-title evc-shortcode services_content\" style=\"text-align: center\">\n\t<div class=\"evc-st-inner\">\n\t\t\t\t\t<h4 class=\"evc-st-title\" style=\"color: #222222\">\n\t\t\t\tDispositivos M\u00e9dicos\t\t\t<\/h4>\n\t\t\t\t\t\t\t\t\t<p class=\"evc-st-text\" style=\"color: #333333;margin-top: 25px\">\n\t\t\t\tDispositivos m\u00e9dicos de Clase I, II, III y IV, equipos electrom\u00e9dicos y sistemas electrom\u00e9dicos.\t\t\t<\/p>\n\t\t\t\t\t\t\t<div class=\"evc-st-button\">\n\t\t\t\t<a class=\"evc-button evc-shortcode  evc-btn-solid evc-btn-large \" href=\"https:\/\/pharmaconsulting.pe\/es\/registro-de-equipos-y-dispositivos-medicos\/\" title=\"Ver M\u00e1s\" style=\"color: #ffffff;background-color: #28348a\" data-hover-color=\"#28348a\" data-hover-background-color=\"#eeeeee\">\n\t\t<span class=\"evc-btn-text\">VER M\u00c1S<\/span>\n<\/a>\n\t\t\t<\/div>\n\t\t\t<\/div>\n<\/div>\n[\/vc_column][vc_column width=&#8221;1\/4&#8243; css=&#8221;.vc_custom_1632413747432{margin-top: 5px !important;margin-bottom: 30px !important;border-top-width: 1px !important;border-right-width: 1px !important;border-bottom-width: 1px !important;border-left-width: 1px !important;padding-top: 5px !important;padding-right: 5px !important;padding-bottom: 15px !important;padding-left: 5px !important;border-left-color: #eeeeee !important;border-left-style: solid !important;border-right-color: #eeeeee !important;border-right-style: solid !important;border-top-color: #eeeeee !important;border-top-style: solid !important;border-bottom-color: #eeeeee !important;border-bottom-style: solid !important;}&#8221;]<div class=\"evc-section-title evc-shortcode services_content\" style=\"text-align: center\">\n\t<div class=\"evc-st-inner\">\n\t\t\t\t\t<h4 class=\"evc-st-title\" style=\"color: #222222\">\n\t\t\t\tDiagn\u00f3stico In Vitro\t\t\t<\/h4>\n\t\t\t\t\t\t\t\t\t<p class=\"evc-st-text\" style=\"color: #333333;margin-top: 25px\">\n\t\t\t\tDiagn\u00f3stico m\u00e9dicos de diagn\u00f3stico de in-vitro, equipos de laboratorio y reactivos.\t\t\t<\/p>\n\t\t\t\t\t\t\t<div class=\"evc-st-button\">\n\t\t\t\t<a class=\"evc-button evc-shortcode  evc-btn-solid evc-btn-large \" href=\"\/es\/registro-de-dispositivos-diagnostico-in-vitro-ivd\/\" title=\"Ver M\u00e1s\" style=\"color: #ffffff;background-color: #28348a\" data-hover-color=\"#28348a\" data-hover-background-color=\"#eeeeee\">\n\t\t<span class=\"evc-btn-text\">VER M\u00c1S<\/span>\n<\/a>\n\t\t\t<\/div>\n\t\t\t<\/div>\n<\/div>\n[\/vc_column][vc_column width=&#8221;1\/4&#8243; css=&#8221;.vc_custom_1632413809824{margin-top: 5px !important;margin-bottom: 30px !important;border-top-width: 1px !important;border-right-width: 1px !important;border-bottom-width: 1px !important;border-left-width: 1px !important;padding-top: 5px !important;padding-right: 5px !important;padding-bottom: 15px !important;padding-left: 5px !important;border-left-color: #eeeeee !important;border-left-style: solid !important;border-right-color: #eeeeee !important;border-right-style: solid !important;border-top-color: #eeeeee !important;border-top-style: solid !important;border-bottom-color: #eeeeee !important;border-bottom-style: solid !important;}&#8221;]<div class=\"evc-section-title evc-shortcode services_content\" style=\"text-align: center\">\n\t<div class=\"evc-st-inner\">\n\t\t\t\t\t<h4 class=\"evc-st-title\" style=\"color: #222222\">\n\t\t\t\tProductos Cosm\u00e9ticos\t\t\t<\/h4>\n\t\t\t\t\t\t\t\t\t<p class=\"evc-st-text\" style=\"color: #333333;margin-top: 25px\">\n\t\t\t\tSets de maquillaje, esmaltes, tintes, labiales, perfumer\u00eda, desmaquillantes, sombras y m\u00e1s.\t\t\t<\/p>\n\t\t\t\t\t\t\t<div class=\"evc-st-button\">\n\t\t\t\t<a class=\"evc-button evc-shortcode  evc-btn-solid evc-btn-large \" href=\"https:\/\/pharmaconsulting.pe\/es\/notificacion-sanitaria-obligatoria-nso-de-productos-cosmeticos\/\" title=\"Ver M\u00e1s\" style=\"color: #ffffff;background-color: #28348a\" data-hover-color=\"#28348a\" data-hover-background-color=\"#eeeeee\">\n\t\t<span class=\"evc-btn-text\">VER M\u00c1S<\/span>\n<\/a>\n\t\t\t<\/div>\n\t\t\t<\/div>\n<\/div>\n[\/vc_column][vc_column width=&#8221;1\/4&#8243; css=&#8221;.vc_custom_1634181909642{margin-top: 5px !important;margin-bottom: 30px !important;border-top-width: 1px !important;border-right-width: 1px !important;border-bottom-width: 1px !important;border-left-width: 1px !important;padding-top: 5px !important;padding-right: 5px !important;padding-bottom: 15px !important;padding-left: 5px !important;border-left-color: #eeeeee !important;border-left-style: solid !important;border-right-color: #eeeeee !important;border-right-style: solid !important;border-top-color: #eeeeee !important;border-top-style: solid !important;border-bottom-color: #eeeeee !important;border-bottom-style: solid !important;}&#8221;]<div class=\"evc-section-title evc-shortcode services_content\" style=\"text-align: center\">\n\t<div class=\"evc-st-inner\">\n\t\t\t\t\t<h4 class=\"evc-st-title\" style=\"color: #222222\">\n\t\t\t\tProductos de Limpieza\t\t\t<\/h4>\n\t\t\t\t\t\t\t\t\t<p class=\"evc-st-text\" style=\"color: #333333;margin-top: 25px\">\n\t\t\t\tLimpiadores de superficie, productos de higiene dom\u00e9stica, detergentes, lavavajillas, etc.\t\t\t<\/p>\n\t\t\t\t\t\t\t<div class=\"evc-st-button\">\n\t\t\t\t<a class=\"evc-button evc-shortcode  evc-btn-solid evc-btn-large \" href=\"\/es\/notificacion-sanitaria-obligatoria-nso-productos-de-limpieza-registro-desinfectantes\/\" title=\"Ver M\u00e1s\" style=\"color: #ffffff;background-color: #28348a\" data-hover-color=\"#28348a\" data-hover-background-color=\"#eeeeee\">\n\t\t<span class=\"evc-btn-text\">VER M\u00c1S<\/span>\n<\/a>\n\t\t\t<\/div>\n\t\t\t<\/div>\n<\/div>\n[\/vc_column][\/vc_row][vc_row][vc_column][vc_empty_space][\/vc_column][\/vc_row][vc_row][vc_column el_class=&#8221;default-form-services&#8221;]<div class=\"evc-section-title evc-shortcode \" style=\"text-align: left\">\n\t<div class=\"evc-st-inner\">\n\t\t\t\t\t<h5 class=\"evc-st-title\" style=\"color: #000000\">\n\t\t\t\tCont\u00e1ctenos\t\t\t<\/h5>\n\t\t\t\t\t\t\t\t\t<\/div>\n<\/div>\n[vc_separator align=&#8221;align_left&#8221;][vc_custom_heading text=&#8221;Env\u00edenos un mensaje utilizando el siguiente formulario, le responderemos tan pronto como sea posible. Los campos marcados con un asterisco (*) son obligatorios.&#8221; font_container=&#8221;tag:h5|text_align:left&#8221; use_theme_fonts=&#8221;yes&#8221;][vc_empty_space height=&#8221;16px&#8221;]\n<div class=\"wpcf7 no-js\" id=\"wpcf7-f1799-o1\" lang=\"es-ES\" dir=\"ltr\" data-wpcf7-id=\"1799\">\n<div class=\"screen-reader-response\"><p role=\"status\" aria-live=\"polite\" aria-atomic=\"true\"><\/p> <ul><\/ul><\/div>\n<form action=\"\/es\/wp-json\/wp\/v2\/pages\/1721#wpcf7-f1799-o1\" method=\"post\" class=\"wpcf7-form init\" aria-label=\"Contact form\" novalidate=\"novalidate\" data-status=\"init\">\n<div style=\"display: none;\">\n<input type=\"hidden\" name=\"_wpcf7\" value=\"1799\" \/>\n<input type=\"hidden\" name=\"_wpcf7_version\" value=\"6.0.6\" \/>\n<input type=\"hidden\" name=\"_wpcf7_locale\" value=\"es_ES\" \/>\n<input type=\"hidden\" name=\"_wpcf7_unit_tag\" value=\"wpcf7-f1799-o1\" \/>\n<input type=\"hidden\" name=\"_wpcf7_container_post\" value=\"0\" \/>\n<input type=\"hidden\" name=\"_wpcf7_posted_data_hash\" value=\"\" \/>\n<input type=\"hidden\" name=\"_wpcf7_recaptcha_response\" value=\"\" \/>\n<\/div>\n<div class=\"row-10 clearfix\">\n\t<div class=\"col-md-4 co-sm-6 col-xs-12\">\n\t\t<div class=\"form-group\">\n\t\t\t<p><span class=\"wpcf7-form-control-wrap\" data-name=\"form_name\"><input size=\"40\" maxlength=\"400\" class=\"wpcf7-form-control wpcf7-text wpcf7-validates-as-required form-control\" aria-required=\"true\" aria-invalid=\"false\" placeholder=\"Nombre *\" value=\"\" type=\"text\" name=\"form_name\" \/><\/span>\n\t\t\t<\/p>\n\t\t<\/div>\n\t\t<div class=\"form-group\">\n\t\t\t<p><span class=\"wpcf7-form-control-wrap\" data-name=\"form_email\"><input size=\"40\" maxlength=\"400\" class=\"wpcf7-form-control wpcf7-email wpcf7-validates-as-required wpcf7-text wpcf7-validates-as-email form-control required email\" aria-required=\"true\" aria-invalid=\"false\" placeholder=\"Correo electr\u00f3nico *\" value=\"\" type=\"email\" name=\"form_email\" \/><\/span>\n\t\t\t<\/p>\n\t\t<\/div>\n\t<\/div>\n\t<div class=\"col-md-8 co-sm-6 col-xs-12\">\n\t\t<div class=\"form-group style-2\">\n\t\t\t<p><span class=\"wpcf7-form-control-wrap\" data-name=\"form_message\"><textarea cols=\"40\" rows=\"10\" maxlength=\"2000\" class=\"wpcf7-form-control wpcf7-textarea form-control textarea required\" aria-invalid=\"false\" placeholder=\"Mensaje\" name=\"form_message\"><\/textarea><\/span>\n\t\t\t<\/p>\n\t\t<\/div>\n\t<\/div>\n\t<div class=\"col-md-12 col-sm-12 col-xs-12\">\n\t\t<p><input class=\"wpcf7-form-control wpcf7-submit has-spinner thm-btn thm-color\" type=\"submit\" value=\"ENVIAR\" \/>\n\t\t<\/p>\n\t<\/div>\n<\/div><p style=\"display: none !important;\" class=\"akismet-fields-container\" data-prefix=\"_wpcf7_ak_\"><label>&#916;<textarea name=\"_wpcf7_ak_hp_textarea\" cols=\"45\" rows=\"8\" maxlength=\"100\"><\/textarea><\/label><input type=\"hidden\" id=\"ak_js_1\" name=\"_wpcf7_ak_js\" value=\"89\"\/><script>document.getElementById( \"ak_js_1\" ).setAttribute( \"value\", ( new Date() ).getTime() );<\/script><\/p><div class=\"wpcf7-response-output\" aria-hidden=\"true\"><\/div>\n<\/form>\n<\/div>\n[vc_empty_space height=&#8221;16px&#8221;][\/vc_column][\/vc_row][vc_row][vc_column width=&#8221;1\/2&#8243;][vc_column_text css=&#8221;.vc_custom_1652288713639{padding-top: 30px !important;padding-right: 15px !important;padding-bottom: 30px !important;padding-left: 15px !important;}&#8221;]\n<h5><span style=\"color: #333333;\">Cont\u00e1ctenos en WhatsApp al 997556699, <a href=\"https:\/\/wa.me\/message\/QOAQ7DG7ZJG2C1\" target=\"_blank\" rel=\"noopener\">haciendo clic aqu\u00ed<\/a>, escanee el c\u00f3digo QR con su smartphone o escr\u00edbanos al correo <a href=\"mailto:info@pharmaconsulting.pe\" target=\"_blank\" rel=\"noopener\">informes@pharmaconsulting.pe<\/a> y cotice nuestro servicio de registros sanitario de suplementos diet\u00e9ticos y edulcorantes en Per\u00fa.<\/span><\/h5>\n[\/vc_column_text][\/vc_column][vc_column width=&#8221;1\/2&#8243;][vc_single_image image=&#8221;2455&#8243; img_size=&#8221;medium&#8221; alignment=&#8221;center&#8221;][\/vc_column][\/vc_row][vc_row][vc_column][vc_empty_space][\/vc_column][\/vc_row][vc_row full_width=&#8221;stretch_row&#8221; css=&#8221;.vc_custom_1632406745652{background-color: #28348a !important;}&#8221;][vc_column width=&#8221;1\/3&#8243;][vc_single_image image=&#8221;1278&#8243; img_size=&#8221;full&#8221; css=&#8221;.vc_custom_1635697753332{margin-top: 10px !important;}&#8221;][\/vc_column][vc_column width=&#8221;2\/3&#8243;][vc_column_text]\n<h5 style=\"text-align: center; margin-top: 8px;\"><span style=\"color: #ffffff;\">Con m\u00e1s de 15 a\u00f1os de experiencia, nos aseguraremos de que obtenga la mejor orientaci\u00f3n.<\/span><\/h5>\n[\/vc_column_text][\/vc_column][\/vc_row]\n<\/div>","protected":false},"excerpt":{"rendered":"<p>[vc_row][vc_column][vc_single_image image=&#8221;1676&#8243; img_size=&#8221;full&#8221; alignment=&#8221;center&#8221;][vc_custom_heading text=&#8221;Suplementos Diet\u00e9ticos&#8221; font_container=&#8221;tag:h4|text_align:left&#8221; use_theme_fonts=&#8221;yes&#8221;][vc_column_text] Un suplemento diet\u00e9tico (dietary supplement) o suplemento nutricional es aquel producto cuyo prop\u00f3sito es complementar la dieta normal y que consiste en fuentes concentradas de nutrientes o de otras sustancias que posean un efecto nutricional o fisiol\u00f3gico en forma simple o combinada y dosificada. Adem\u00e1s, los suplementos<\/p>\n","protected":false},"author":2,"featured_media":0,"parent":0,"menu_order":0,"comment_status":"closed","ping_status":"closed","template":"","meta":{"footnotes":""},"class_list":["post-1721","page","type-page","status-publish","hentry"],"_links":{"self":[{"href":"https:\/\/pharmaconsulting.pbt.com.bo\/es\/wp-json\/wp\/v2\/pages\/1721","targetHints":{"allow":["GET"]}}],"collection":[{"href":"https:\/\/pharmaconsulting.pbt.com.bo\/es\/wp-json\/wp\/v2\/pages"}],"about":[{"href":"https:\/\/pharmaconsulting.pbt.com.bo\/es\/wp-json\/wp\/v2\/types\/page"}],"author":[{"embeddable":true,"href":"https:\/\/pharmaconsulting.pbt.com.bo\/es\/wp-json\/wp\/v2\/users\/2"}],"replies":[{"embeddable":true,"href":"https:\/\/pharmaconsulting.pbt.com.bo\/es\/wp-json\/wp\/v2\/comments?post=1721"}],"version-history":[{"count":5,"href":"https:\/\/pharmaconsulting.pbt.com.bo\/es\/wp-json\/wp\/v2\/pages\/1721\/revisions"}],"predecessor-version":[{"id":2383,"href":"https:\/\/pharmaconsulting.pbt.com.bo\/es\/wp-json\/wp\/v2\/pages\/1721\/revisions\/2383"}],"wp:attachment":[{"href":"https:\/\/pharmaconsulting.pbt.com.bo\/es\/wp-json\/wp\/v2\/media?parent=1721"}],"curies":[{"name":"wp","href":"https:\/\/api.w.org\/{rel}","templated":true}]}}