{"id":1611,"date":"2021-10-29T05:39:22","date_gmt":"2021-10-29T05:39:22","guid":{"rendered":"https:\/\/pharmaconsulting.pe\/?page_id=1611"},"modified":"2022-12-13T11:54:53","modified_gmt":"2022-12-13T16:54:53","slug":"notificacion-sanitaria-para-la-importacion-y-comercializacion-ambientadores-aromatizantes-aceites-esenciales","status":"publish","type":"page","link":"https:\/\/pharmaconsulting.pbt.com.bo\/es\/notificacion-sanitaria-para-la-importacion-y-comercializacion-ambientadores-aromatizantes-aceites-esenciales\/","title":{"rendered":"Registro Sanitario de Ambientadores y Aromatizantes"},"content":{"rendered":"<div class=\"wpb-content-wrapper\">[vc_row][vc_column][vc_single_image image=&#8221;1613&#8243; img_size=&#8221;full&#8221; alignment=&#8221;center&#8221;][vc_column_text]\n<p style=\"text-align: justify;\"><span style=\"color: #333333;\">La notificaci\u00f3n sanitaria obligatoria (NSO) o registro es un requisito para la importaci\u00f3n, fabricaci\u00f3n o comercializaci\u00f3n de ambientadores y aromatizantes en Per\u00fa. Solo empresas registradas como establecimientos farmac\u00e9uticos (droguer\u00edas) en DIGEMID pueden solicitar la NSO de sus productos.<\/span><\/p>\n[\/vc_column_text][vc_column_text]\n<p style=\"text-align: justify;\"><span style=\"color: #333333;\">Se considera en este grupo a los productos con la funci\u00f3n de dotar a los ambientes, objetos y superficies de un olor agradable o de enmascarar aromas desagradables.<\/span><\/p>\n[\/vc_column_text][vc_column_text]\n<p style=\"text-align: justify;\"><span style=\"color: #333333;\">Los registros de productos cosm\u00e9ticos tienen una duraci\u00f3n de 7 a\u00f1os y deben renovarse antes de su vencimiento.<\/span><\/p>\n[\/vc_column_text][vc_empty_space][vc_custom_heading text=&#8221;Tipos de Ambientadores y Aromatizantes&#8221; font_container=&#8221;tag:h5|text_align:left&#8221; use_theme_fonts=&#8221;yes&#8221;][vc_empty_space height=&#8221;16px&#8221;][vc_row_inner][vc_column_inner width=&#8221;1\/2&#8243;][vc_custom_heading text=&#8221;Inciensos arom\u00e1ticos&#8221; font_container=&#8221;tag:h6|text_align:left&#8221; use_theme_fonts=&#8221;yes&#8221;][vc_column_text]\n<p style=\"text-align: justify;\"><span style=\"color: #333333;\">Un incienso es una preparaci\u00f3n resinosa a la que se le a\u00f1aden aceites esenciales de origen vegetal y que al ser encendidas, desprenden humo fragante para aromatizar espacios y crear ambientes con fines terap\u00e9uticos o propicios para la meditaci\u00f3n.<\/span><\/p>\n[\/vc_column_text][vc_custom_heading text=&#8221;Aceites esenciales&#8221; font_container=&#8221;tag:h6|text_align:left&#8221; use_theme_fonts=&#8221;yes&#8221;][vc_column_text]\n<p style=\"text-align: justify;\"><span style=\"color: #333333;\">Un aceite esencial es la esencia vol\u00e1til extra\u00edda de plantas arom\u00e1ticas por la t\u00e9cnica de destilaci\u00f3n (arrastre de vapor de agua) o por presi\u00f3n de las c\u00e1scaras, como en el caso de los c\u00edtricos. Los aceites esenciales son utilizados en la aromaterapia, un m\u00e9todo natural basado en la actividad de las mol\u00e9culas que contienen los aceites esenciales y que es utilizada para conseguir diferentes respuestas del organismo.<\/span><\/p>\n[\/vc_column_text][vc_custom_heading text=&#8221;Ambientadores en spray&#8221; font_container=&#8221;tag:h6|text_align:left&#8221; use_theme_fonts=&#8221;yes&#8221;][vc_column_text]\n<p style=\"text-align: justify;\"><span style=\"color: #333333;\">Son ambientadores para el hogar que aportan una esencia de forma inmediata, pero la duraci\u00f3n es muy limitada. Se los puede encontrar con y sin agua. Debido a que su envase cuenta con un pulverizador, es muy sencillo regular su difusi\u00f3n para garantizar una agradable fragancia con un efecto prolongado.<\/span><\/p>\n[\/vc_column_text][\/vc_column_inner][vc_column_inner width=&#8221;1\/2&#8243;][vc_custom_heading text=&#8221;Velas arom\u00e1ticas&#8221; font_container=&#8221;tag:h6|text_align:left&#8221; use_theme_fonts=&#8221;yes&#8221;][vc_column_text]\n<p style=\"text-align: justify;\"><span style=\"color: #333333;\">Son velas perfumadas que desprenden un suave aroma despu\u00e9s de ser encendidas. Las velas perfumadas se fabrican en todos formatos y de todos los aromas, desde lavanda, vainilla, chocolate, rosa, e incluso con olor a clorofila. Algunas son muy b\u00e1sicas y solo constan de una vela arom\u00e1tica cerrada que al abrirse y prenderle fuego comienza a inundar el aire con el aroma. Otras, adem\u00e1s de aromatizar, vienen contenidas en recipientes decorativos.<\/span><\/p>\n[\/vc_column_text][vc_custom_heading text=&#8221;Humidificadores y difusores de aroma&#8221; font_container=&#8221;tag:h6|text_align:left&#8221; use_theme_fonts=&#8221;yes&#8221;][vc_column_text]\n<p style=\"text-align: justify;\"><span style=\"color: #333333;\">Los humidificadores y difusores distribuyen el aroma de los aceites esenciales de manera homog\u00e9nea aportando un agradable aroma instant\u00e1neo a los ambientes, seg\u00fan el aroma escogido del aceite hidrosoluble. No se utiliza fuego para producir el vapor de agua y es totalmente seguro para los ni\u00f1os y las mascotas.<\/span><\/p>\n[\/vc_column_text][vc_custom_heading text=&#8221;Difusores y ambientadores el\u00e9ctricos&#8221; font_container=&#8221;tag:h6|text_align:left&#8221; use_theme_fonts=&#8221;yes&#8221;][vc_column_text]\n<p style=\"text-align: justify;\"><span style=\"color: #333333;\">Estos ambientadores son aparatos que funcionan con resistencias el\u00e9ctricas que calientan el l\u00edquido arom\u00e1tico y lo lanzan a trav\u00e9s de un sistema de turbina, con un gastro el\u00e9ctrico m\u00ednimo, aunque tambi\u00e9n existen modelos con bater\u00eda que pueden ser utilizados en cualquier punto sin la necesidad de enchufes ni cables.<\/span><\/p>\n[\/vc_column_text][\/vc_column_inner][\/vc_row_inner][\/vc_column][\/vc_row][vc_row][vc_column][vc_empty_space][\/vc_column][\/vc_row][vc_row][vc_column]<div class=\"evc-section-title evc-shortcode \" style=\"text-align: left\">\n\t<div class=\"evc-st-inner\">\n\t\t\t\t\t<h5 class=\"evc-st-title\" style=\"color: #000000\">\n\t\t\t\tNuestro Servicios\t\t\t<\/h5>\n\t\t\t\t\t\t\t\t\t<\/div>\n<\/div>\n[vc_separator align=&#8221;align_left&#8221;][\/vc_column][\/vc_row][vc_row][vc_column][vc_tta_tabs active_section=&#8221;3&#8243; pagination_style=&#8221;outline-square&#8221;][vc_tta_section title=&#8221;Estrategia Regulatoria&#8221; tab_id=&#8221;1632514595199-685ed1a5-a2d6ebb7-7abc&#8221;]<div class=\"evc-icon-with-text evc-shortcode  evc-iwt-icon-left\">\n\t<div class=\"evc-iwt-icon-holder\">\n\t\t\t\n\t<span class=\"evc-iwt-icon far fa-lightbulb\" ><\/span>\n\t<\/div>\n\t<div class=\"evc-iwt-content\">\n\t\t\t<p class=\"evc-iwt-text\" style=\"color: #333333\">Dise\u00f1aremos la estrategia regulatoria \u00f3ptima para el registro de sus productos aromatizantes y ambientadores.<\/p>\n\t<\/div>\n<\/div>\n[\/vc_tta_section][vc_tta_section title=&#8221;Evaluaci\u00f3n&#8221; tab_id=&#8221;1632514595212-bf10e867-be10ebb7-7abc&#8221;]<div class=\"evc-icon-with-text evc-shortcode  evc-iwt-icon-left\">\n\t<div class=\"evc-iwt-icon-holder\">\n\t\t\t\n\t<span class=\"evc-iwt-icon far fa-folder-open\" ><\/span>\n\t<\/div>\n\t<div class=\"evc-iwt-content\">\n\t\t\t<p class=\"evc-iwt-text\" style=\"color: #333333\">Evaluaci\u00f3n de la documentaci\u00f3n t\u00e9cnica y cient\u00edfica emitida por el fabricante.<\/p>\n\t<\/div>\n<\/div>\n[\/vc_tta_section][vc_tta_section title=&#8221;Registro&#8221; tab_id=&#8221;1632514885308-5d9bd856-b012ebb7-7abc&#8221;]<div class=\"evc-icon-with-text evc-shortcode  evc-iwt-icon-left\">\n\t<div class=\"evc-iwt-icon-holder\">\n\t\t\t\n\t<span class=\"evc-iwt-icon fas fa-tasks\" ><\/span>\n\t<\/div>\n\t<div class=\"evc-iwt-content\">\n\t\t\t<p class=\"evc-iwt-text\" style=\"color: #333333\">Preparaci\u00f3n de un expediente de registro completo y env\u00edo de la solicitud de registro a DIGEMID.<\/p>\n\t<\/div>\n<\/div>\n[\/vc_tta_section][vc_tta_section title=&#8221;Seguimiento&#8221; tab_id=&#8221;1632514886811-d22d2eb2-04d6ebb7-7abc&#8221;]<div class=\"evc-icon-with-text evc-shortcode  evc-iwt-icon-left\">\n\t<div class=\"evc-iwt-icon-holder\">\n\t\t\t\n\t<span class=\"evc-iwt-icon far fa-eye\" ><\/span>\n\t<\/div>\n\t<div class=\"evc-iwt-content\">\n\t\t\t<p class=\"evc-iwt-text\" style=\"color: #333333\">Seguimiento de solicitudes de registro. Respuesta a las consultas y observaciones de los evaluadores de DIGEMID.<\/p>\n\t<\/div>\n<\/div>\n[\/vc_tta_section][vc_tta_section title=&#8221;Cambios&#8221; tab_id=&#8221;1635487945398-2351310f-f542&#8243;]<div class=\"evc-icon-with-text evc-shortcode  evc-iwt-icon-left\">\n\t<div class=\"evc-iwt-icon-holder\">\n\t\t\t\n\t<span class=\"evc-iwt-icon fas fa-sync-alt\" ><\/span>\n\t<\/div>\n\t<div class=\"evc-iwt-content\">\n\t\t\t<p class=\"evc-iwt-text\" style=\"color: #333333\">Gesti\u00f3n de cambios, renovaciones o ampliaciones a sus registros vigentes.<\/p>\n\t<\/div>\n<\/div>\n[\/vc_tta_section][\/vc_tta_tabs][\/vc_column][\/vc_row][vc_row][vc_column]<div class=\"evc-section-title evc-shortcode \" style=\"text-align: left\">\n\t<div class=\"evc-st-inner\">\n\t\t\t\t\t<h5 class=\"evc-st-title\" style=\"color: #000000\">\n\t\t\t\tServicios Espec\u00edficos\t\t\t<\/h5>\n\t\t\t\t\t\t\t\t\t<\/div>\n<\/div>\n[vc_separator align=&#8221;align_left&#8221;][\/vc_column][\/vc_row][vc_row gap=&#8221;15&#8243; equal_height=&#8221;yes&#8221;][vc_column width=&#8221;1\/4&#8243; css=&#8221;.vc_custom_1632412235670{margin-top: 5px !important;margin-bottom: 30px !important;border-top-width: 1px !important;border-right-width: 1px !important;border-bottom-width: 1px !important;border-left-width: 1px !important;padding-top: 5px !important;padding-right: 5px !important;padding-bottom: 15px !important;padding-left: 5px !important;border-left-color: #eeeeee !important;border-left-style: solid !important;border-right-color: #eeeeee !important;border-right-style: solid !important;border-top-color: #eeeeee !important;border-top-style: solid !important;border-bottom-color: #eeeeee !important;border-bottom-style: solid !important;}&#8221;]<div class=\"evc-section-title evc-shortcode services_content\" style=\"text-align: center\">\n\t<div class=\"evc-st-inner\">\n\t\t\t\t\t<h4 class=\"evc-st-title\" style=\"color: #222222\">\n\t\t\t\tProductos de higiene dom\u00e9stica\t\t\t<\/h4>\n\t\t\t\t\t\t\t\t\t<p class=\"evc-st-text\" style=\"color: #333333;margin-top: 25px\">\n\t\t\t\tLimpiadores de superficie, detergentes, lavavajillas, etc.\t\t\t<\/p>\n\t\t\t\t\t\t\t<div class=\"evc-st-button\">\n\t\t\t\t<a class=\"evc-button evc-shortcode  evc-btn-solid evc-btn-large \" href=\"\/es\/notificacion-sanitaria-obligatoria-nso-productos-de-limpieza-registro-desinfectantes\/\" title=\"Ver M\u00e1s\" style=\"color: #ffffff;background-color: #28348a\" data-hover-color=\"#28348a\" data-hover-background-color=\"#eeeeee\">\n\t\t<span class=\"evc-btn-text\">VER M\u00c1S<\/span>\n<\/a>\n\t\t\t<\/div>\n\t\t\t<\/div>\n<\/div>\n[\/vc_column][vc_column width=&#8221;1\/4&#8243; css=&#8221;.vc_custom_1632413747432{margin-top: 5px !important;margin-bottom: 30px !important;border-top-width: 1px !important;border-right-width: 1px !important;border-bottom-width: 1px !important;border-left-width: 1px !important;padding-top: 5px !important;padding-right: 5px !important;padding-bottom: 15px !important;padding-left: 5px !important;border-left-color: #eeeeee !important;border-left-style: solid !important;border-right-color: #eeeeee !important;border-right-style: solid !important;border-top-color: #eeeeee !important;border-top-style: solid !important;border-bottom-color: #eeeeee !important;border-bottom-style: solid !important;}&#8221;]<div class=\"evc-section-title evc-shortcode services_content\" style=\"text-align: center\">\n\t<div class=\"evc-st-inner\">\n\t\t\t\t\t<h4 class=\"evc-st-title\" style=\"color: #222222\">\n\t\t\t\tProductos de higiene personal\t\t\t<\/h4>\n\t\t\t\t\t\t\t\t\t<p class=\"evc-st-text\" style=\"color: #333333;margin-top: 25px\">\n\t\t\t\tPa\u00f1itos h\u00famedos, pa\u00f1os desmaquillantes, entre otros.\t\t\t<\/p>\n\t\t\t\t\t\t\t<div class=\"evc-st-button\">\n\t\t\t\t<a class=\"evc-button evc-shortcode  evc-btn-solid evc-btn-large \" href=\"\/es\/registro-productos-de-higiene-cuidado-personal\/\" title=\"Ver M\u00e1s\" style=\"color: #ffffff;background-color: #28348a\" data-hover-color=\"#28348a\" data-hover-background-color=\"#eeeeee\">\n\t\t<span class=\"evc-btn-text\">VER M\u00c1S<\/span>\n<\/a>\n\t\t\t<\/div>\n\t\t\t<\/div>\n<\/div>\n[\/vc_column][vc_column width=&#8221;1\/4&#8243; css=&#8221;.vc_custom_1634579734170{margin-top: 5px !important;margin-bottom: 30px !important;border-top-width: 1px !important;border-right-width: 1px !important;border-bottom-width: 1px !important;border-left-width: 1px !important;padding-top: 5px !important;padding-right: 5px !important;padding-bottom: 15px !important;padding-left: 5px !important;border-left-color: #eeeeee !important;border-left-style: solid !important;border-right-color: #eeeeee !important;border-right-style: solid !important;border-top-color: #eeeeee !important;border-top-style: solid !important;border-bottom-color: #eeeeee !important;border-bottom-style: solid !important;}&#8221;]<div class=\"evc-section-title evc-shortcode services_content\" style=\"text-align: center\">\n\t<div class=\"evc-st-inner\">\n\t\t\t\t\t<h4 class=\"evc-st-title\" style=\"color: #222222\">\n\t\t\t\tCosm\u00e9ticos\t\t\t<\/h4>\n\t\t\t\t\t\t\t\t\t<p class=\"evc-st-text\" style=\"color: #333333;margin-top: 25px\">\n\t\t\t\tProductos para la piel, u\u00f1as, cabello, \u00e1rea de los ojos y m\u00e1s.\t\t\t<\/p>\n\t\t\t\t\t\t\t<div class=\"evc-st-button\">\n\t\t\t\t<a class=\"evc-button evc-shortcode  evc-btn-solid evc-btn-large \" href=\"\/es\/notificacion-sanitaria-obligatoria-nso-de-productos-cosmeticos\/\" title=\"Ver M\u00e1s\" style=\"color: #ffffff;background-color: #28348a\" data-hover-color=\"#28348a\" data-hover-background-color=\"#eeeeee\">\n\t\t<span class=\"evc-btn-text\">VER M\u00c1S<\/span>\n<\/a>\n\t\t\t<\/div>\n\t\t\t<\/div>\n<\/div>\n[\/vc_column][vc_column width=&#8221;1\/4&#8243; css=&#8221;.vc_custom_1634582136637{margin-top: 5px !important;margin-bottom: 30px !important;border-top-width: 1px !important;border-right-width: 1px !important;border-bottom-width: 1px !important;border-left-width: 1px !important;padding-top: 5px !important;padding-right: 5px !important;padding-bottom: 15px !important;padding-left: 5px !important;border-left-color: #eeeeee !important;border-left-style: solid !important;border-right-color: #eeeeee !important;border-right-style: solid !important;border-top-color: #eeeeee !important;border-top-style: solid !important;border-bottom-color: #eeeeee !important;border-bottom-style: solid !important;}&#8221;]<div class=\"evc-section-title evc-shortcode services_content\" style=\"text-align: center\">\n\t<div class=\"evc-st-inner\">\n\t\t\t\t\t<h4 class=\"evc-st-title\" style=\"color: #222222\">\n\t\t\t\tAmbientadores y aromatizantes\t\t\t<\/h4>\n\t\t\t\t\t\t\t\t\t<p class=\"evc-st-text\" style=\"color: #333333;margin-top: 25px\">\n\t\t\t\tVarillas de incienso, velas aromatizantes, y otros.\t\t\t<\/p>\n\t\t\t\t\t<\/div>\n<\/div>\n[\/vc_column][\/vc_row][vc_row][vc_column][vc_empty_space][\/vc_column][\/vc_row][vc_row][vc_column el_class=&#8221;default-form-services&#8221;]<div class=\"evc-section-title evc-shortcode \" style=\"text-align: left\">\n\t<div class=\"evc-st-inner\">\n\t\t\t\t\t<h5 class=\"evc-st-title\" style=\"color: #000000\">\n\t\t\t\tCont\u00e1ctenos\t\t\t<\/h5>\n\t\t\t\t\t\t\t\t\t<\/div>\n<\/div>\n[vc_separator align=&#8221;align_left&#8221;][vc_custom_heading text=&#8221;Env\u00edenos un mensaje utilizando el siguiente formulario, le responderemos tan pronto como sea posible. Los campos marcados con un asterisco (*) son obligatorios.&#8221; font_container=&#8221;tag:h5|text_align:left&#8221; use_theme_fonts=&#8221;yes&#8221;][vc_empty_space height=&#8221;16px&#8221;]\n<div class=\"wpcf7 no-js\" id=\"wpcf7-f1799-o1\" lang=\"es-ES\" dir=\"ltr\" data-wpcf7-id=\"1799\">\n<div class=\"screen-reader-response\"><p role=\"status\" aria-live=\"polite\" aria-atomic=\"true\"><\/p> <ul><\/ul><\/div>\n<form action=\"\/es\/wp-json\/wp\/v2\/pages\/1611#wpcf7-f1799-o1\" method=\"post\" class=\"wpcf7-form init\" aria-label=\"Contact form\" novalidate=\"novalidate\" data-status=\"init\">\n<div style=\"display: none;\">\n<input type=\"hidden\" name=\"_wpcf7\" value=\"1799\" \/>\n<input type=\"hidden\" name=\"_wpcf7_version\" value=\"6.0.6\" \/>\n<input type=\"hidden\" name=\"_wpcf7_locale\" value=\"es_ES\" \/>\n<input type=\"hidden\" name=\"_wpcf7_unit_tag\" value=\"wpcf7-f1799-o1\" \/>\n<input type=\"hidden\" name=\"_wpcf7_container_post\" value=\"0\" \/>\n<input type=\"hidden\" name=\"_wpcf7_posted_data_hash\" value=\"\" \/>\n<input type=\"hidden\" name=\"_wpcf7_recaptcha_response\" value=\"\" \/>\n<\/div>\n<div class=\"row-10 clearfix\">\n\t<div class=\"col-md-4 co-sm-6 col-xs-12\">\n\t\t<div class=\"form-group\">\n\t\t\t<p><span class=\"wpcf7-form-control-wrap\" data-name=\"form_name\"><input size=\"40\" maxlength=\"400\" class=\"wpcf7-form-control wpcf7-text wpcf7-validates-as-required form-control\" aria-required=\"true\" aria-invalid=\"false\" placeholder=\"Nombre *\" value=\"\" type=\"text\" name=\"form_name\" \/><\/span>\n\t\t\t<\/p>\n\t\t<\/div>\n\t\t<div class=\"form-group\">\n\t\t\t<p><span class=\"wpcf7-form-control-wrap\" data-name=\"form_email\"><input size=\"40\" maxlength=\"400\" class=\"wpcf7-form-control wpcf7-email wpcf7-validates-as-required wpcf7-text wpcf7-validates-as-email form-control required email\" aria-required=\"true\" aria-invalid=\"false\" placeholder=\"Correo electr\u00f3nico *\" value=\"\" type=\"email\" name=\"form_email\" \/><\/span>\n\t\t\t<\/p>\n\t\t<\/div>\n\t<\/div>\n\t<div class=\"col-md-8 co-sm-6 col-xs-12\">\n\t\t<div class=\"form-group style-2\">\n\t\t\t<p><span class=\"wpcf7-form-control-wrap\" data-name=\"form_message\"><textarea cols=\"40\" rows=\"10\" maxlength=\"2000\" class=\"wpcf7-form-control wpcf7-textarea form-control textarea required\" aria-invalid=\"false\" placeholder=\"Mensaje\" name=\"form_message\"><\/textarea><\/span>\n\t\t\t<\/p>\n\t\t<\/div>\n\t<\/div>\n\t<div class=\"col-md-12 col-sm-12 col-xs-12\">\n\t\t<p><input class=\"wpcf7-form-control wpcf7-submit has-spinner thm-btn thm-color\" type=\"submit\" value=\"ENVIAR\" \/>\n\t\t<\/p>\n\t<\/div>\n<\/div><p style=\"display: none !important;\" class=\"akismet-fields-container\" data-prefix=\"_wpcf7_ak_\"><label>&#916;<textarea name=\"_wpcf7_ak_hp_textarea\" cols=\"45\" rows=\"8\" maxlength=\"100\"><\/textarea><\/label><input type=\"hidden\" id=\"ak_js_1\" name=\"_wpcf7_ak_js\" value=\"228\"\/><script>document.getElementById( \"ak_js_1\" ).setAttribute( \"value\", ( new Date() ).getTime() );<\/script><\/p><div class=\"wpcf7-response-output\" aria-hidden=\"true\"><\/div>\n<\/form>\n<\/div>\n[vc_empty_space height=&#8221;16px&#8221;][\/vc_column][\/vc_row][vc_row][vc_column width=&#8221;1\/2&#8243;][vc_column_text css=&#8221;.vc_custom_1652288386278{padding-top: 30px !important;padding-right: 15px !important;padding-bottom: 30px !important;padding-left: 15px !important;}&#8221;]\n<h5><span style=\"color: #333333;\">Cont\u00e1ctenos en WhatsApp al 997 556 699, <a href=\"https:\/\/wa.me\/message\/QOAQ7DG7ZJG2C1\" target=\"_blank\" rel=\"noopener\">haciendo clic aqu\u00ed<\/a>, escanee el c\u00f3digo QR con su smartphone o escr\u00edbanos al correo <a href=\"mailto:info@pharmaconsulting.pe\" target=\"_blank\" rel=\"noopener\">informes@pharmaconsulting.pe<\/a> y cotice nuestro servicio de inicio de actividades para nuevas droguer\u00edas en Per\u00fa.<\/span><\/h5>\n[\/vc_column_text][\/vc_column][vc_column width=&#8221;1\/2&#8243;][vc_single_image image=&#8221;2455&#8243; img_size=&#8221;medium&#8221; alignment=&#8221;center&#8221;][\/vc_column][\/vc_row][vc_row][vc_column][vc_empty_space][\/vc_column][\/vc_row][vc_row full_width=&#8221;stretch_row&#8221; css=&#8221;.vc_custom_1632406745652{background-color: #28348a !important;}&#8221;][vc_column width=&#8221;1\/3&#8243;][vc_single_image image=&#8221;1299&#8243; img_size=&#8221;full&#8221; css=&#8221;.vc_custom_1635696743430{margin-top: 10px !important;}&#8221;][\/vc_column][vc_column width=&#8221;2\/3&#8243;][vc_column_text]\n<h5 style=\"text-align: center; margin-top: 8px;\"><span style=\"color: #ffffff;\">Con m\u00e1s de 15 a\u00f1os de experiencia, nos aseguraremos de que obtenga la mejor orientaci\u00f3n.<\/span><\/h5>\n[\/vc_column_text][\/vc_column][\/vc_row]\n<\/div>","protected":false},"excerpt":{"rendered":"<p>[vc_row][vc_column][vc_single_image image=&#8221;1613&#8243; img_size=&#8221;full&#8221; alignment=&#8221;center&#8221;][vc_column_text] La notificaci\u00f3n sanitaria obligatoria (NSO) o registro es un requisito para la importaci\u00f3n, fabricaci\u00f3n o comercializaci\u00f3n de ambientadores y aromatizantes en Per\u00fa. Solo empresas registradas como establecimientos farmac\u00e9uticos (droguer\u00edas) en DIGEMID pueden solicitar la NSO de sus productos. [\/vc_column_text][vc_column_text] Se considera en este grupo a los productos con la funci\u00f3n de<\/p>\n","protected":false},"author":2,"featured_media":0,"parent":0,"menu_order":0,"comment_status":"closed","ping_status":"closed","template":"","meta":{"footnotes":""},"class_list":["post-1611","page","type-page","status-publish","hentry"],"_links":{"self":[{"href":"https:\/\/pharmaconsulting.pbt.com.bo\/es\/wp-json\/wp\/v2\/pages\/1611","targetHints":{"allow":["GET"]}}],"collection":[{"href":"https:\/\/pharmaconsulting.pbt.com.bo\/es\/wp-json\/wp\/v2\/pages"}],"about":[{"href":"https:\/\/pharmaconsulting.pbt.com.bo\/es\/wp-json\/wp\/v2\/types\/page"}],"author":[{"embeddable":true,"href":"https:\/\/pharmaconsulting.pbt.com.bo\/es\/wp-json\/wp\/v2\/users\/2"}],"replies":[{"embeddable":true,"href":"https:\/\/pharmaconsulting.pbt.com.bo\/es\/wp-json\/wp\/v2\/comments?post=1611"}],"version-history":[{"count":5,"href":"https:\/\/pharmaconsulting.pbt.com.bo\/es\/wp-json\/wp\/v2\/pages\/1611\/revisions"}],"predecessor-version":[{"id":2651,"href":"https:\/\/pharmaconsulting.pbt.com.bo\/es\/wp-json\/wp\/v2\/pages\/1611\/revisions\/2651"}],"wp:attachment":[{"href":"https:\/\/pharmaconsulting.pbt.com.bo\/es\/wp-json\/wp\/v2\/media?parent=1611"}],"curies":[{"name":"wp","href":"https:\/\/api.w.org\/{rel}","templated":true}]}}