{"id":1598,"date":"2021-10-29T03:42:00","date_gmt":"2021-10-29T03:42:00","guid":{"rendered":"https:\/\/pharmaconsulting.pe\/?page_id=1598"},"modified":"2024-03-05T16:50:55","modified_gmt":"2024-03-05T21:50:55","slug":"notificacion-sanitaria-obligatoria-nso-de-productos-cosmeticos","status":"publish","type":"page","link":"https:\/\/pharmaconsulting.pbt.com.bo\/es\/notificacion-sanitaria-obligatoria-nso-de-productos-cosmeticos\/","title":{"rendered":"Registro Sanitario de Cosm\u00e9ticos"},"content":{"rendered":"<div class=\"wpb-content-wrapper\">[vc_row][vc_column][vc_single_image image=&#8221;1600&#8243; img_size=&#8221;full&#8221; alignment=&#8221;center&#8221;][vc_column_text]\n<p style=\"text-align: justify;\"><span style=\"color: #333333;\">La Notificaci\u00f3n Sanitaria Obligatoria (NSO) o registro es un requisito para la importaci\u00f3n, fabricaci\u00f3n, almacenamiento y comercializaci\u00f3n de productos cosm\u00e9ticos en el Per\u00fa. Solo empresas registradas como establecimientos farmac\u00e9uticos (<\/span><a href=\"https:\/\/pharmaconsulting.pe\/es\/inicio-de-actividades-digemid-nuevas-droguerias\/\">droguer\u00edas<\/a>\u00a0<span style=\"color: #333333;\">y laboratorios en DIGEMID pueden solicitar la NSO de sus productos.<\/span><\/p>\n[\/vc_column_text][vc_column_text]\n<p style=\"text-align: justify;\"><span style=\"color: #333333;\">Los registros de productos cosm\u00e9ticos tienen una duraci\u00f3n de 7 a\u00f1os y deben renovarse antes de su vencimiento. Adem\u00e1s, todos los cambios y modificaciones a las condiciones iniciales de registro deben comunicarse oportunamente a las autoridades. Conozca m\u00e1s de nuestros servicios de consultor\u00eda regulatoria para distribuidores de productos cosm\u00e9ticos,<\/span> <a href=\"https:\/\/pharmaconsulting.pe\/es\/consultoria-en-asuntos-regulatorios\/\">haciendo clic aqu\u00ed<\/a>.<\/p>\n[\/vc_column_text][\/vc_column][\/vc_row][vc_row][vc_column][vc_empty_space][vc_custom_heading text=&#8221;\u00bfQu\u00e9 es un Producto Cosm\u00e9tico?&#8221; font_container=&#8221;tag:h5|text_align:left&#8221; use_theme_fonts=&#8221;yes&#8221;][vc_column_text]\n<p style=\"text-align: justify;\"><span style=\"color: #333333;\">Los productos cosm\u00e9ticos son todos aquellos destinados a ser puestos en contacto con las partes superficiales del cuerpo humano como la piel, el cabello, los labios, los \u00f3rganos genitales externos, dientes, y las mucosas bucales, con el objetivo de limpiarlos, perfumarlos, modificar o mejorar su aspecto, protegerlos y mantenerlos en buen estado o corregir los olores corporales.<\/span><\/p>\n[\/vc_column_text][vc_row_inner][vc_column_inner width=&#8221;1\/2&#8243;][vc_column_text]\n<p style=\"text-align: justify;\"><span style=\"color: #333333;\">Ejemplos:<\/span><\/p>\n[\/vc_column_text][vc_column_text]\n<p style=\"text-align: justify;\"><span style=\"color: #333333;\">\u2022 Maquillaje para el rostro, incluyendo sombras, bases, delineador, escarcha, maquillaje profesional y dem\u00e1s.<\/span><\/p>\n[\/vc_column_text][vc_column_text]\n<p style=\"text-align: justify;\"><span style=\"color: #333333;\">\u2022 Esmalte para u\u00f1as, brillo, sistema de u\u00f1as acr\u00edlicas.<\/span><\/p>\n[\/vc_column_text][vc_column_text]\n<p style=\"text-align: justify;\"><span style=\"color: #333333;\">\u2022 Crema anti-aging, crema hidratante, crema aclaradora, loci\u00f3n hidratante de rostro, b\u00e1lsamo labial, crema facial, crema anti-brillo, crema anti-manchas, crema anti-estr\u00edas, crema para los p\u00e1rpados, cremas para las manos, cremas con \u00e1cido hialur\u00f3nico, cremas para d\u00eda y noche, crema depilatoria.<\/span><\/p>\n[\/vc_column_text][vc_column_text]\n<p style=\"text-align: justify;\"><span style=\"color: #333333;\">\u2022 Mascarilla de carb\u00f3n, mascarilla facial hidratante, mascarilla de \u00e1cido hialur\u00f3nico, mascarilla con efecto <em>peeling<\/em>,\u00a0 bloqueador solar con o sin funci\u00f3n aclaradora, fotoprotector.<\/span><\/p>\n[\/vc_column_text][vc_column_text]\n<p style=\"text-align: justify;\"><span style=\"color: #333333;\">\u2022 Pesta\u00f1as artificiales, eyelashes, activador de crecimiento de pesta\u00f1as y cejas, adhesivos para pesta\u00f1as, removedores de pesta\u00f1as.<\/span><\/p>\n[\/vc_column_text][vc_column_text]\n<p style=\"text-align: justify;\"><span style=\"color: #333333;\">\u2022 Tinte para el cabello, crema anti-frizz, crema para peinar, laca, loci\u00f3n antica\u00edda, m\u00e1scara de tratamiento, gel para peinado, acondicionador, champ\u00fa, champ\u00fa anticaspa, champ\u00fa antica\u00edda, champ\u00fa para beb\u00e9, queratinas, mousse para cabello,\u00a0 kits de alisado, y m\u00e1s.<\/span><\/p>\n[\/vc_column_text][vc_column_text]\n<p style=\"text-align: justify;\"><span style=\"color: #333333;\">\u2022 Serum, serum anti-manchas, serum antioxidante, serum anti-arrugas, serum despigmentante, serum liposomal.<\/span><\/p>\n[\/vc_column_text][\/vc_column_inner][vc_column_inner width=&#8221;1\/2&#8243;][vc_column_text]\n<p style=\"text-align: justify;\"><span style=\"color: #333333;\">\u2022 Desodorante, antitranspirante en todas sus presentaciones comerciales.<\/span><\/p>\n[\/vc_column_text][vc_column_text]\n<p style=\"text-align: justify;\"><span style=\"color: #333333;\">\u2022 Pasta dental, pasta dental para ni\u00f1os, colutorio, enjuague bucal, enjuague bucal para ni\u00f1os, soluci\u00f3n en spray para el mal aliento o halitosis.<\/span><\/p>\n[\/vc_column_text][vc_column_text]\n<p style=\"text-align: justify;\"><span style=\"color: #333333;\">\u2022 Jab\u00f3n l\u00edquido, jab\u00f3n de tocador, jab\u00f3n \u00edntimo, jab\u00f3n dermatol\u00f3gico, jab\u00f3n en escamas.<\/span><\/p>\n[\/vc_column_text][vc_column_text]\n<p style=\"text-align: justify;\"><span style=\"color: #333333;\">\u2022 Crema y gel para el afeitado, gel exfoliante, gel facial hidratante, gel de limpieza facial, cera para depilaci\u00f3n, crema corporal, crema depilatoria, crema para spa.<\/span><\/p>\n[\/vc_column_text][vc_column_text]\n<p style=\"text-align: justify;\"><span style=\"color: #333333;\">\u2022 Soluci\u00f3n desmaquillante, quitaesmalte, gel limpiador en espuma, agua micelar desmaquillante.<\/span><\/p>\n[\/vc_column_text][vc_column_text]\n<p style=\"text-align: justify;\"><span style=\"color: #333333;\">\u2022 Perfume, eau de perfume, eau de toilette, eau de cologne, colonia.<\/span><\/p>\n[\/vc_column_text][vc_column_text]\n<p style=\"text-align: justify;\"><span style=\"color: #333333;\">\u2022 Tinta para tatuajes temporales y <em>body paint<\/em>.<\/span><\/p>\n[\/vc_column_text][\/vc_column_inner][\/vc_row_inner][\/vc_column][\/vc_row][vc_row][vc_column][vc_empty_space][vc_custom_heading text=&#8221;\u00bfQu\u00e9 no es un Producto Cosm\u00e9tico?&#8221; font_container=&#8221;tag:h5|text_align:left&#8221; use_theme_fonts=&#8221;yes&#8221;][vc_column_text]\n<p style=\"text-align: justify;\"><span style=\"color: #333333;\">Productos destinados a ser ingeridos, implantados, inyectados, depositados o infiltrados en el cuerpo, a pesar de que posean propiedades cosm\u00e9ticas o aquellos con efectos sist\u00e9mico o beneficios terap\u00e9uticos (curativos) para el usuario.<\/span><\/p>\n[\/vc_column_text][vc_row_inner][vc_column_inner width=&#8221;1\/2&#8243;][vc_column_text]\n<p style=\"text-align: justify;\"><span style=\"color: #333333;\">Ejemplos:<\/span><\/p>\n[\/vc_column_text][vc_column_text]\n<p style=\"text-align: justify;\"><span style=\"color: #333333;\">\u2022 \u00c1cido hialur\u00f3nico inyectable, rellenos d\u00e9rmicos, <em>fillers<\/em>.<\/span><\/p>\n[\/vc_column_text][vc_column_text]\n<p style=\"text-align: justify;\"><span style=\"color: #333333;\">\u2022 Vitamina C inyectable.<\/span><\/p>\n[\/vc_column_text][vc_column_text]\n<p style=\"text-align: justify;\"><span style=\"color: #333333;\">\u2022 <em>Botox<\/em>, toxina botul\u00ednica.<\/span><\/p>\n[\/vc_column_text][\/vc_column_inner][vc_column_inner width=&#8221;1\/2&#8243;][vc_column_text]\n<p style=\"text-align: justify;\"><span style=\"color: #333333;\">\u2022 Col\u00e1geno hidrolizado en polvo.<\/span><\/p>\n[\/vc_column_text][vc_column_text]\n<p style=\"text-align: justify;\"><span style=\"color: #333333;\">\u2022 Plasma rico en plaquetas inyectable.<\/span><\/p>\n[\/vc_column_text][vc_column_text]\n<p style=\"text-align: justify;\"><span style=\"color: #333333;\">\u2022 Soluciones de minoxidil.<\/span><\/p>\n[\/vc_column_text][\/vc_column_inner][\/vc_row_inner][\/vc_column][\/vc_row][vc_row][vc_column][vc_empty_space][\/vc_column][\/vc_row][vc_row][vc_column]<div class=\"evc-section-title evc-shortcode \" style=\"text-align: left\">\n\t<div class=\"evc-st-inner\">\n\t\t\t\t\t<h4 class=\"evc-st-title\" style=\"color: #000000\">\n\t\t\t\tLe Ofrecemos\t\t\t<\/h4>\n\t\t\t\t\t\t\t\t\t<\/div>\n<\/div>\n[vc_separator align=&#8221;align_left&#8221;][\/vc_column][\/vc_row][vc_row][vc_column][vc_tta_tabs active_section=&#8221;1&#8243; pagination_style=&#8221;outline-square&#8221;][vc_tta_section title=&#8221;Estrategia Regulatoria&#8221; tab_id=&#8221;1632514595199-685ed1a5-a2d6ebb7-7abc&#8221;]<div class=\"evc-icon-with-text evc-shortcode  evc-iwt-icon-left\">\n\t<div class=\"evc-iwt-icon-holder\">\n\t\t\t\n\t<span class=\"evc-iwt-icon far fa-lightbulb\" ><\/span>\n\t<\/div>\n\t<div class=\"evc-iwt-content\">\n\t\t\t<p class=\"evc-iwt-text\" style=\"color: #333333\">Dise\u00f1aremos la estrategia regulatoria \u00f3ptima para el registro de sus productos cosm\u00e9ticos, acorde a la normativa de la Comunidad Andina.<\/p>\n\t<\/div>\n<\/div>\n[\/vc_tta_section][vc_tta_section title=&#8221;Evaluaci\u00f3n&#8221; tab_id=&#8221;1632514595212-bf10e867-be10ebb7-7abc&#8221;]<div class=\"evc-icon-with-text evc-shortcode  evc-iwt-icon-left\">\n\t<div class=\"evc-iwt-icon-holder\">\n\t\t\t\n\t<span class=\"evc-iwt-icon far fa-folder-open\" ><\/span>\n\t<\/div>\n\t<div class=\"evc-iwt-content\">\n\t\t\t<p class=\"evc-iwt-text\" style=\"color: #333333\">Evaluaremos la documentaci\u00f3n t\u00e9cnica y cient\u00edfica emitida por el fabricante.<\/p>\n\t<\/div>\n<\/div>\n[\/vc_tta_section][vc_tta_section title=&#8221;Registro&#8221; tab_id=&#8221;1632514885308-5d9bd856-b012ebb7-7abc&#8221;]<div class=\"evc-icon-with-text evc-shortcode  evc-iwt-icon-left\">\n\t<div class=\"evc-iwt-icon-holder\">\n\t\t\t\n\t<span class=\"evc-iwt-icon fas fa-tasks\" ><\/span>\n\t<\/div>\n\t<div class=\"evc-iwt-content\">\n\t\t\t<p class=\"evc-iwt-text\" style=\"color: #333333\">Prepararemos un expediente de registro completo y enviaremos la solicitud de registro a DIGEMID a trav\u00e9s de VUCE.<\/p>\n\t<\/div>\n<\/div>\n[\/vc_tta_section][vc_tta_section title=&#8221;Seguimiento&#8221; tab_id=&#8221;1632514886811-d22d2eb2-04d6ebb7-7abc&#8221;]<div class=\"evc-icon-with-text evc-shortcode  evc-iwt-icon-left\">\n\t<div class=\"evc-iwt-icon-holder\">\n\t\t\t\n\t<span class=\"evc-iwt-icon far fa-eye\" ><\/span>\n\t<\/div>\n\t<div class=\"evc-iwt-content\">\n\t\t\t<p class=\"evc-iwt-text\" style=\"color: #333333\">Realizaremos el seguimiento de las solicitudes de registro. Responderemos a las consultas y observaciones de los evaluadores de DIGEMID.<\/p>\n\t<\/div>\n<\/div>\n[\/vc_tta_section][\/vc_tta_tabs][\/vc_column][\/vc_row][vc_row][vc_column][vc_empty_space][\/vc_column][\/vc_row][vc_row][vc_column]<div class=\"evc-section-title evc-shortcode \" style=\"text-align: left\">\n\t<div class=\"evc-st-inner\">\n\t\t\t\t\t<h4 class=\"evc-st-title\" style=\"color: #000000\">\n\t\t\t\tM\u00e1s Servicios\t\t\t<\/h4>\n\t\t\t\t\t\t\t\t\t<\/div>\n<\/div>\n[vc_separator align=&#8221;align_left&#8221;][\/vc_column][\/vc_row][vc_row gap=&#8221;10&#8243; equal_height=&#8221;yes&#8221;][vc_column width=&#8221;1\/4&#8243; css=&#8221;.vc_custom_1632412235670{margin-top: 5px !important;margin-bottom: 30px !important;border-top-width: 1px !important;border-right-width: 1px !important;border-bottom-width: 1px !important;border-left-width: 1px !important;padding-top: 5px !important;padding-right: 5px !important;padding-bottom: 15px !important;padding-left: 5px !important;border-left-color: #eeeeee !important;border-left-style: solid !important;border-right-color: #eeeeee !important;border-right-style: solid !important;border-top-color: #eeeeee !important;border-top-style: solid !important;border-bottom-color: #eeeeee !important;border-bottom-style: solid !important;}&#8221;]<div class=\"evc-section-title evc-shortcode services_content\" style=\"text-align: center\">\n\t<div class=\"evc-st-inner\">\n\t\t\t\t\t<h4 class=\"evc-st-title\" style=\"color: #222222\">\n\t\t\t\tEquipos M\u00e9dicos\t\t\t<\/h4>\n\t\t\t\t\t\t\t\t\t<p class=\"evc-st-text\" style=\"color: #333333;margin-top: 25px\">\n\t\t\t\tDispositivos de uso m\u00e9dico y odontol\u00f3gico, instrumental, insumos y materiales.\t\t\t<\/p>\n\t\t\t\t\t\t\t<div class=\"evc-st-button\">\n\t\t\t\t<a class=\"evc-button evc-shortcode  evc-btn-solid evc-btn-large \" href=\"https:\/\/pharmaconsulting.pe\/es\/registro-de-equipos-y-dispositivos-medicos\/\" title=\"Ver M\u00e1s\" style=\"color: #ffffff;background-color: #28348a;border-color: #eeeeee\" data-hover-color=\"#28348a\" data-hover-background-color=\"#eeeeee\">\n\t\t<span class=\"evc-btn-text\">Ver M\u00e1s<\/span>\n<\/a>\n\t\t\t<\/div>\n\t\t\t<\/div>\n<\/div>\n[\/vc_column][vc_column width=&#8221;1\/4&#8243; css=&#8221;.vc_custom_1632413747432{margin-top: 5px !important;margin-bottom: 30px !important;border-top-width: 1px !important;border-right-width: 1px !important;border-bottom-width: 1px !important;border-left-width: 1px !important;padding-top: 5px !important;padding-right: 5px !important;padding-bottom: 15px !important;padding-left: 5px !important;border-left-color: #eeeeee !important;border-left-style: solid !important;border-right-color: #eeeeee !important;border-right-style: solid !important;border-top-color: #eeeeee !important;border-top-style: solid !important;border-bottom-color: #eeeeee !important;border-bottom-style: solid !important;}&#8221;]<div class=\"evc-section-title evc-shortcode services_content\" style=\"text-align: center\">\n\t<div class=\"evc-st-inner\">\n\t\t\t\t\t<h4 class=\"evc-st-title\" style=\"color: #222222\">\n\t\t\t\tProductos de higiene personal\t\t\t<\/h4>\n\t\t\t\t\t\t\t\t\t<p class=\"evc-st-text\" style=\"color: #333333;margin-top: 25px\">\n\t\t\t\tPa\u00f1itos h\u00famedos, pa\u00f1os desmaquillantes, entre otros.\t\t\t<\/p>\n\t\t\t\t\t\t\t<div class=\"evc-st-button\">\n\t\t\t\t<a class=\"evc-button evc-shortcode  evc-btn-solid evc-btn-large \" href=\"https:\/\/pharmaconsulting.pe\/es\/registro-productos-de-higiene-cuidado-personal\/\" title=\"Ver M\u00e1s\" style=\"color: #ffffff;background-color: #28348a\" data-hover-color=\"#28348a\" data-hover-background-color=\"#eeeeee\">\n\t\t<span class=\"evc-btn-text\">VER M\u00c1S<\/span>\n<\/a>\n\t\t\t<\/div>\n\t\t\t<\/div>\n<\/div>\n[\/vc_column][vc_column width=&#8221;1\/4&#8243; css=&#8221;.vc_custom_1634579734170{margin-top: 5px !important;margin-bottom: 30px !important;border-top-width: 1px !important;border-right-width: 1px !important;border-bottom-width: 1px !important;border-left-width: 1px !important;padding-top: 5px !important;padding-right: 5px !important;padding-bottom: 15px !important;padding-left: 5px !important;border-left-color: #eeeeee !important;border-left-style: solid !important;border-right-color: #eeeeee !important;border-right-style: solid !important;border-top-color: #eeeeee !important;border-top-style: solid !important;border-bottom-color: #eeeeee !important;border-bottom-style: solid !important;}&#8221;]<div class=\"evc-section-title evc-shortcode services_content\" style=\"text-align: center\">\n\t<div class=\"evc-st-inner\">\n\t\t\t\t\t<h4 class=\"evc-st-title\" style=\"color: #222222\">\n\t\t\t\tProductos de higiene dom\u00e9stica\t\t\t<\/h4>\n\t\t\t\t\t\t\t\t\t<p class=\"evc-st-text\" style=\"color: #333333;margin-top: 25px\">\n\t\t\t\tLimpiadores de superficie, detergentes, lavavajillas, etc.\t\t\t<\/p>\n\t\t\t\t\t\t\t<div class=\"evc-st-button\">\n\t\t\t\t<a class=\"evc-button evc-shortcode  evc-btn-solid evc-btn-large \" href=\"\/es\/notificacion-sanitaria-obligatoria-nso-productos-de-limpieza-registro-desinfectantes\/\" title=\"Ver M\u00e1s\" style=\"color: #ffffff;background-color: #28348a\" data-hover-color=\"#28348a\" data-hover-background-color=\"#eeeeee\">\n\t\t<span class=\"evc-btn-text\">VER M\u00c1S<\/span>\n<\/a>\n\t\t\t<\/div>\n\t\t\t<\/div>\n<\/div>\n[\/vc_column][vc_column width=&#8221;1\/4&#8243; css=&#8221;.vc_custom_1634582136637{margin-top: 5px !important;margin-bottom: 30px !important;border-top-width: 1px !important;border-right-width: 1px !important;border-bottom-width: 1px !important;border-left-width: 1px !important;padding-top: 5px !important;padding-right: 5px !important;padding-bottom: 15px !important;padding-left: 5px !important;border-left-color: #eeeeee !important;border-left-style: solid !important;border-right-color: #eeeeee !important;border-right-style: solid !important;border-top-color: #eeeeee !important;border-top-style: solid !important;border-bottom-color: #eeeeee !important;border-bottom-style: solid !important;}&#8221;]<div class=\"evc-section-title evc-shortcode services_content\" style=\"text-align: center\">\n\t<div class=\"evc-st-inner\">\n\t\t\t\t\t<h4 class=\"evc-st-title\" style=\"color: #222222\">\n\t\t\t\tAmbientadores y aromatizantes\t\t\t<\/h4>\n\t\t\t\t\t\t\t\t\t<p class=\"evc-st-text\" style=\"color: #333333;margin-top: 25px\">\n\t\t\t\tVarillas de incienso, velas aromatizantes, y otros.\t\t\t<\/p>\n\t\t\t\t\t\t\t<div class=\"evc-st-button\">\n\t\t\t\t<a class=\"evc-button evc-shortcode  evc-btn-solid evc-btn-large \" href=\"\/es\/notificacion-sanitaria-para-la-importacion-y-comercializacion-ambientadores-aromatizantes-aceites-esenciales\/\" title=\"Ver M\u00e1s\" style=\"color: #ffffff;background-color: #28348a\" data-hover-color=\"#28348a\" data-hover-background-color=\"#eeeeee\">\n\t\t<span class=\"evc-btn-text\">VER M\u00c1S<\/span>\n<\/a>\n\t\t\t<\/div>\n\t\t\t<\/div>\n<\/div>\n[\/vc_column][\/vc_row][vc_row][vc_column][vc_empty_space][\/vc_column][\/vc_row][vc_row][vc_column el_class=&#8221;default-form-services&#8221;]<div class=\"evc-section-title evc-shortcode \" style=\"text-align: left\">\n\t<div class=\"evc-st-inner\">\n\t\t\t\t\t<h4 class=\"evc-st-title\" style=\"color: #000000\">\n\t\t\t\tCont\u00e1ctenos\t\t\t<\/h4>\n\t\t\t\t\t\t\t\t\t<\/div>\n<\/div>\n[vc_separator align=&#8221;align_left&#8221;][vc_custom_heading text=&#8221;Env\u00edenos un mensaje utilizando el siguiente formulario, le responderemos tan pronto como sea posible. Los campos marcados con un asterisco (*) son obligatorios.&#8221; font_container=&#8221;tag:h5|text_align:left&#8221; use_theme_fonts=&#8221;yes&#8221;][vc_empty_space height=&#8221;16px&#8221;]\n<div class=\"wpcf7 no-js\" id=\"wpcf7-f1799-o1\" lang=\"es-ES\" dir=\"ltr\" data-wpcf7-id=\"1799\">\n<div class=\"screen-reader-response\"><p role=\"status\" aria-live=\"polite\" aria-atomic=\"true\"><\/p> <ul><\/ul><\/div>\n<form action=\"\/es\/wp-json\/wp\/v2\/pages\/1598#wpcf7-f1799-o1\" method=\"post\" class=\"wpcf7-form init\" aria-label=\"Contact form\" novalidate=\"novalidate\" data-status=\"init\">\n<div style=\"display: none;\">\n<input type=\"hidden\" name=\"_wpcf7\" value=\"1799\" \/>\n<input type=\"hidden\" name=\"_wpcf7_version\" value=\"6.0.6\" \/>\n<input type=\"hidden\" name=\"_wpcf7_locale\" value=\"es_ES\" \/>\n<input type=\"hidden\" name=\"_wpcf7_unit_tag\" value=\"wpcf7-f1799-o1\" \/>\n<input type=\"hidden\" name=\"_wpcf7_container_post\" value=\"0\" \/>\n<input type=\"hidden\" name=\"_wpcf7_posted_data_hash\" value=\"\" \/>\n<input type=\"hidden\" name=\"_wpcf7_recaptcha_response\" value=\"\" \/>\n<\/div>\n<div class=\"row-10 clearfix\">\n\t<div class=\"col-md-4 co-sm-6 col-xs-12\">\n\t\t<div class=\"form-group\">\n\t\t\t<p><span class=\"wpcf7-form-control-wrap\" data-name=\"form_name\"><input size=\"40\" maxlength=\"400\" class=\"wpcf7-form-control wpcf7-text wpcf7-validates-as-required form-control\" aria-required=\"true\" aria-invalid=\"false\" placeholder=\"Nombre *\" value=\"\" type=\"text\" name=\"form_name\" \/><\/span>\n\t\t\t<\/p>\n\t\t<\/div>\n\t\t<div class=\"form-group\">\n\t\t\t<p><span class=\"wpcf7-form-control-wrap\" data-name=\"form_email\"><input size=\"40\" maxlength=\"400\" class=\"wpcf7-form-control wpcf7-email wpcf7-validates-as-required wpcf7-text wpcf7-validates-as-email form-control required email\" aria-required=\"true\" aria-invalid=\"false\" placeholder=\"Correo electr\u00f3nico *\" value=\"\" type=\"email\" name=\"form_email\" \/><\/span>\n\t\t\t<\/p>\n\t\t<\/div>\n\t<\/div>\n\t<div class=\"col-md-8 co-sm-6 col-xs-12\">\n\t\t<div class=\"form-group style-2\">\n\t\t\t<p><span class=\"wpcf7-form-control-wrap\" data-name=\"form_message\"><textarea cols=\"40\" rows=\"10\" maxlength=\"2000\" class=\"wpcf7-form-control wpcf7-textarea form-control textarea required\" aria-invalid=\"false\" placeholder=\"Mensaje\" name=\"form_message\"><\/textarea><\/span>\n\t\t\t<\/p>\n\t\t<\/div>\n\t<\/div>\n\t<div class=\"col-md-12 col-sm-12 col-xs-12\">\n\t\t<p><input class=\"wpcf7-form-control wpcf7-submit has-spinner thm-btn thm-color\" type=\"submit\" value=\"ENVIAR\" \/>\n\t\t<\/p>\n\t<\/div>\n<\/div><p style=\"display: none !important;\" class=\"akismet-fields-container\" data-prefix=\"_wpcf7_ak_\"><label>&#916;<textarea name=\"_wpcf7_ak_hp_textarea\" cols=\"45\" rows=\"8\" maxlength=\"100\"><\/textarea><\/label><input type=\"hidden\" id=\"ak_js_1\" name=\"_wpcf7_ak_js\" value=\"243\"\/><script>document.getElementById( \"ak_js_1\" ).setAttribute( \"value\", ( new Date() ).getTime() );<\/script><\/p><div class=\"wpcf7-response-output\" aria-hidden=\"true\"><\/div>\n<\/form>\n<\/div>\n[vc_empty_space height=&#8221;16px&#8221;][\/vc_column][\/vc_row][vc_row][vc_column width=&#8221;1\/2&#8243;][vc_column_text css=&#8221;.vc_custom_1652328905995{padding-top: 30px !important;padding-right: 15px !important;padding-bottom: 30px !important;padding-left: 15px !important;}&#8221;]\n<h5><span style=\"color: #333333;\">Cont\u00e1ctenos en WhatsApp al 997 556 699, <a href=\"https:\/\/wa.me\/message\/QOAQ7DG7ZJG2C1\" target=\"_blank\" rel=\"noopener\">haciendo clic aqu\u00ed<\/a>, escanee el c\u00f3digo QR con su smartphone o escr\u00edbanos al correo <a href=\"mailto:info@pharmaconsulting.pe\" target=\"_blank\" rel=\"noopener\">informes@pharmaconsulting.pe<\/a> y cotice nuestro servicio de registro sanitario de productos cosm\u00e9ticos en Per\u00fa.<\/span><\/h5>\n[\/vc_column_text][\/vc_column][vc_column width=&#8221;1\/2&#8243;][vc_single_image image=&#8221;2455&#8243; img_size=&#8221;medium&#8221; alignment=&#8221;center&#8221;][\/vc_column][\/vc_row][vc_row][vc_column][vc_empty_space][\/vc_column][\/vc_row][vc_row full_width=&#8221;stretch_row&#8221; css=&#8221;.vc_custom_1632406745652{background-color: #28348a !important;}&#8221;][vc_column width=&#8221;1\/3&#8243;][vc_single_image image=&#8221;1299&#8243; img_size=&#8221;full&#8221; css=&#8221;.vc_custom_1635635634238{margin-top: 10px !important;}&#8221;][\/vc_column][vc_column width=&#8221;2\/3&#8243;][vc_column_text]\n<h5 style=\"text-align: center; margin-top: 8px;\"><span style=\"color: #ffffff;\">Con m\u00e1s de 15 a\u00f1os de experiencia, nos aseguraremos de que obtenga la mejor orientaci\u00f3n.<\/span><\/h5>\n[\/vc_column_text][\/vc_column][\/vc_row]\n<\/div>","protected":false},"excerpt":{"rendered":"<p>[vc_row][vc_column][vc_single_image image=&#8221;1600&#8243; img_size=&#8221;full&#8221; alignment=&#8221;center&#8221;][vc_column_text] La Notificaci\u00f3n Sanitaria Obligatoria (NSO) o registro es un requisito para la importaci\u00f3n, fabricaci\u00f3n, almacenamiento y comercializaci\u00f3n de productos cosm\u00e9ticos en el Per\u00fa. Solo empresas registradas como establecimientos farmac\u00e9uticos (droguer\u00edas\u00a0y laboratorios en DIGEMID pueden solicitar la NSO de sus productos. [\/vc_column_text][vc_column_text] Los registros de productos cosm\u00e9ticos tienen una duraci\u00f3n de 7<\/p>\n","protected":false},"author":2,"featured_media":0,"parent":0,"menu_order":0,"comment_status":"closed","ping_status":"closed","template":"","meta":{"footnotes":""},"class_list":["post-1598","page","type-page","status-publish","hentry"],"_links":{"self":[{"href":"https:\/\/pharmaconsulting.pbt.com.bo\/es\/wp-json\/wp\/v2\/pages\/1598","targetHints":{"allow":["GET"]}}],"collection":[{"href":"https:\/\/pharmaconsulting.pbt.com.bo\/es\/wp-json\/wp\/v2\/pages"}],"about":[{"href":"https:\/\/pharmaconsulting.pbt.com.bo\/es\/wp-json\/wp\/v2\/types\/page"}],"author":[{"embeddable":true,"href":"https:\/\/pharmaconsulting.pbt.com.bo\/es\/wp-json\/wp\/v2\/users\/2"}],"replies":[{"embeddable":true,"href":"https:\/\/pharmaconsulting.pbt.com.bo\/es\/wp-json\/wp\/v2\/comments?post=1598"}],"version-history":[{"count":5,"href":"https:\/\/pharmaconsulting.pbt.com.bo\/es\/wp-json\/wp\/v2\/pages\/1598\/revisions"}],"predecessor-version":[{"id":2938,"href":"https:\/\/pharmaconsulting.pbt.com.bo\/es\/wp-json\/wp\/v2\/pages\/1598\/revisions\/2938"}],"wp:attachment":[{"href":"https:\/\/pharmaconsulting.pbt.com.bo\/es\/wp-json\/wp\/v2\/media?parent=1598"}],"curies":[{"name":"wp","href":"https:\/\/api.w.org\/{rel}","templated":true}]}}