{"id":1131,"date":"2021-10-07T17:52:21","date_gmt":"2021-10-07T22:52:21","guid":{"rendered":"https:\/\/ph.evodev.cz\/?page_id=1131"},"modified":"2022-01-16T17:26:07","modified_gmt":"2022-01-16T22:26:07","slug":"soporte","status":"publish","type":"page","link":"https:\/\/pharmaconsulting.pbt.com.bo\/es\/soporte\/","title":{"rendered":"Soporte"},"content":{"rendered":"<div class=\"wpb-content-wrapper\">[vc_row][vc_column][vc_custom_heading text=&#8221;Somos Pharma Consulting, \u00bfC\u00f3mo podemos ayudarle?&#8221; font_container=&#8221;tag:h4|text_align:center&#8221; use_theme_fonts=&#8221;yes&#8221;][vc_empty_space][vc_row_inner][vc_column_inner width=&#8221;1\/4&#8243;][\/vc_column_inner][vc_column_inner width=&#8221;1\/2&#8243;][vc_wp_search][\/vc_column_inner][vc_column_inner width=&#8221;1\/4&#8243;][\/vc_column_inner][\/vc_row_inner][vc_row_inner][vc_column_inner][vc_empty_space height=&#8221;64px&#8221;][\/vc_column_inner][\/vc_row_inner][vc_row_inner][vc_column_inner width=&#8221;1\/3&#8243;]<div class=\"evc-icon-with-text evc-shortcode block_icon_text evc-iwt-icon-top\">\n\t<div class=\"evc-iwt-icon-holder\">\n\t\t\t\n\t<span class=\"evc-iwt-icon fas fa-mortar-pestle\" style=\"font-size: 50px;color: #28348a\"><\/span>\n\t<\/div>\n\t<div class=\"evc-iwt-content\">\n\t\t\t<h4 class=\"evc-iwt-title\" style=\"color: #222222\">\n\t\t\t\t\t\u00bfPor qu\u00e9 elegirnos?\t\t\t<\/h4>\n\t<p class=\"evc-iwt-text\" style=\"color: #333333;margin-top: 25px\">Nos especializamos en Asuntos Regulatorios y Aseguramiento de la Calidad en la industria de productos para el cuidado de la salud.<\/p>\n\t<\/div>\n<\/div>\n[vc_separator style=&#8221;double&#8221; css=&#8221;.vc_custom_1641827392985{margin-top: 20px !important;}&#8221;][\/vc_column_inner][vc_column_inner width=&#8221;1\/3&#8243;]<div class=\"evc-icon-with-text evc-shortcode block_icon_text evc-iwt-icon-top\">\n\t<div class=\"evc-iwt-icon-holder\">\n\t\t\t\n\t<span class=\"evc-iwt-icon fas fa-users\" style=\"font-size: 50px;color: #28348a\"><\/span>\n\t<\/div>\n\t<div class=\"evc-iwt-content\">\n\t\t\t<h4 class=\"evc-iwt-title\" style=\"color: #222222\">\n\t\t\t\t\tNuestro Equipo\t\t\t<\/h4>\n\t<p class=\"evc-iwt-text\" style=\"color: #333333;margin-top: 25px\">Contamos con un equipo extraordinario, que es una combinaci\u00f3n de valiosa experiencia y actitud innovadora.<\/p>\n\t<\/div>\n<\/div>\n[vc_separator style=&#8221;double&#8221; css=&#8221;.vc_custom_1641827392985{margin-top: 20px !important;}&#8221;][\/vc_column_inner][vc_column_inner width=&#8221;1\/3&#8243;]<div class=\"evc-icon-with-text evc-shortcode block_icon_text evc-iwt-icon-top\">\n\t<div class=\"evc-iwt-icon-holder\">\n\t\t\t\n\t<span class=\"evc-iwt-icon fas fa-tasks\" style=\"font-size: 50px;color: #28348a\"><\/span>\n\t<\/div>\n\t<div class=\"evc-iwt-content\">\n\t\t\t<h4 class=\"evc-iwt-title\" style=\"color: #222222\">\n\t\t\t\t\tNuestro Trabajo\t\t\t<\/h4>\n\t<p class=\"evc-iwt-text\" style=\"color: #333333;margin-top: 25px\">Somos especialistas en dispositivos m\u00e9dicos, IVD, cosm\u00e9ticos, productos de limpieza para el hogar y suplementos diet\u00e9ticos.<\/p>\n\t<\/div>\n<\/div>\n[vc_separator style=&#8221;double&#8221; css=&#8221;.vc_custom_1641827392985{margin-top: 20px !important;}&#8221;][\/vc_column_inner][\/vc_row_inner][vc_row_inner][vc_column_inner][vc_empty_space height=&#8221;64px&#8221;][\/vc_column_inner][\/vc_row_inner][vc_column_text]<span style=\"color: #333333;\">Pharma Consulting es una empresa de consultor\u00eda con sede en Lima, Per\u00fa. Nos especializamos en Asuntos Regulatorios y Aseguramiento de la Calidad para la industria farmac\u00e9utica. <\/span><\/p>\n[\/vc_column_text][vc_column_text]<span style=\"color: #333333;\">Contamos con m\u00e1s de 15 a\u00f1os de experiencia en Asuntos Regulatorios y Aseguramiento de la Calidad en el mercado peruano, trabajando con fabricantes en China, Estados Unidos de Am\u00e9rica, India, Corea y m\u00e1s.<\/span>[\/vc_column_text][vc_column_text]<span style=\"color: #333333;\">Ofrecemos nuestros servicios a empresas y fabricantes que buscan ampliar su alcance comercial en Per\u00fa. Nuestras principales \u00e1reas de servicio comprenden dispositivos m\u00e9dicos, dispositivos m\u00e9dicos de diagn\u00f3stico in vitro, dispositivos ortop\u00e9dicos, ort\u00e9sicos y prot\u00e9sicos, cosm\u00e9ticos, juguetes, productos de limpieza para el hogar, ambientadores, aromatizantes, productos para el cuidado personal y suplementos diet\u00e9ticos.<\/span>[\/vc_column_text][vc_empty_space height=&#8221;64px&#8221;][vc_column_text]\n<h6><span style=\"color: #333333;\">Cont\u00e1ctenos en WhatsApp al <a href=\"https:\/\/wa.me\/51997556699\" target=\"_blank\" rel=\"noopener\">997556699<\/a> o mediante el correo <a href=\"mailto:info@pharmaconsulting.pe\" target=\"_blank\" rel=\"noopener\">info@pharmaconsulting.pe<\/a> y reciba mayor informaci\u00f3n acerca de nuestros servicios en Per\u00fa.<\/span><\/h6>\n[\/vc_column_text][vc_empty_space height=&#8221;64px&#8221;][\/vc_column][\/vc_row]\n<\/div>","protected":false},"excerpt":{"rendered":"<p>[vc_row][vc_column][vc_custom_heading text=&#8221;Somos Pharma Consulting, \u00bfC\u00f3mo podemos ayudarle?&#8221; font_container=&#8221;tag:h4|text_align:center&#8221; use_theme_fonts=&#8221;yes&#8221;][vc_empty_space][vc_row_inner][vc_column_inner width=&#8221;1\/4&#8243;][\/vc_column_inner][vc_column_inner width=&#8221;1\/2&#8243;][vc_wp_search][\/vc_column_inner][vc_column_inner width=&#8221;1\/4&#8243;][\/vc_column_inner][\/vc_row_inner][vc_row_inner][vc_column_inner][vc_empty_space height=&#8221;64px&#8221;][\/vc_column_inner][\/vc_row_inner][vc_row_inner][vc_column_inner width=&#8221;1\/3&#8243;][vc_separator style=&#8221;double&#8221; css=&#8221;.vc_custom_1641827392985{margin-top: 20px !important;}&#8221;][\/vc_column_inner][vc_column_inner width=&#8221;1\/3&#8243;][vc_separator style=&#8221;double&#8221; css=&#8221;.vc_custom_1641827392985{margin-top: 20px !important;}&#8221;][\/vc_column_inner][vc_column_inner width=&#8221;1\/3&#8243;][vc_separator style=&#8221;double&#8221; css=&#8221;.vc_custom_1641827392985{margin-top: 20px !important;}&#8221;][\/vc_column_inner][\/vc_row_inner][vc_row_inner][vc_column_inner][vc_empty_space height=&#8221;64px&#8221;][\/vc_column_inner][\/vc_row_inner][vc_column_text]Pharma Consulting es una empresa de consultor\u00eda con sede en Lima, Per\u00fa. Nos especializamos en Asuntos Regulatorios y Aseguramiento de la Calidad para la industria farmac\u00e9utica. [\/vc_column_text][vc_column_text]Contamos<\/p>\n","protected":false},"author":2,"featured_media":0,"parent":0,"menu_order":0,"comment_status":"closed","ping_status":"open","template":"","meta":{"footnotes":""},"class_list":["post-1131","page","type-page","status-publish","hentry"],"_links":{"self":[{"href":"https:\/\/pharmaconsulting.pbt.com.bo\/es\/wp-json\/wp\/v2\/pages\/1131","targetHints":{"allow":["GET"]}}],"collection":[{"href":"https:\/\/pharmaconsulting.pbt.com.bo\/es\/wp-json\/wp\/v2\/pages"}],"about":[{"href":"https:\/\/pharmaconsulting.pbt.com.bo\/es\/wp-json\/wp\/v2\/types\/page"}],"author":[{"embeddable":true,"href":"https:\/\/pharmaconsulting.pbt.com.bo\/es\/wp-json\/wp\/v2\/users\/2"}],"replies":[{"embeddable":true,"href":"https:\/\/pharmaconsulting.pbt.com.bo\/es\/wp-json\/wp\/v2\/comments?post=1131"}],"version-history":[{"count":5,"href":"https:\/\/pharmaconsulting.pbt.com.bo\/es\/wp-json\/wp\/v2\/pages\/1131\/revisions"}],"predecessor-version":[{"id":2270,"href":"https:\/\/pharmaconsulting.pbt.com.bo\/es\/wp-json\/wp\/v2\/pages\/1131\/revisions\/2270"}],"wp:attachment":[{"href":"https:\/\/pharmaconsulting.pbt.com.bo\/es\/wp-json\/wp\/v2\/media?parent=1131"}],"curies":[{"name":"wp","href":"https:\/\/api.w.org\/{rel}","templated":true}]}}