{"id":1087,"date":"2021-10-07T15:48:56","date_gmt":"2021-10-07T15:48:56","guid":{"rendered":"https:\/\/ph.evodev.cz\/?page_id=1087"},"modified":"2023-02-09T18:40:27","modified_gmt":"2023-02-09T23:40:27","slug":"registro-de-equipos-y-dispositivos-medicos","status":"publish","type":"page","link":"https:\/\/pharmaconsulting.pbt.com.bo\/es\/registro-de-equipos-y-dispositivos-medicos\/","title":{"rendered":"Registro Sanitario de Dispositivos M\u00e9dicos"},"content":{"rendered":"<div class=\"wpb-content-wrapper\">[vc_row][vc_column][vc_single_image image=&#8221;1182&#8243; img_size=&#8221;full&#8221; alignment=&#8221;center&#8221;][vc_column_text]\n<p style=\"text-align: justify;\"><span style=\"color: #333333;\">El registro sanitario es la autorizaci\u00f3n emitida por DIGEMID a solicitud de un<\/span> <a href=\"https:\/\/pharmaconsulting.pe\/es\/inicio-de-actividades-digemid-nuevas-droguerias\/\">establecimiento farmac\u00e9utico<\/a> <span style=\"color: #333333;\">y que permite a su titular la fabricaci\u00f3n, importaci\u00f3n, almacenamiento, comercializaci\u00f3n, promoci\u00f3n y venta de un determinado dispositivo m\u00e9dico o un <a href=\"https:\/\/pharmaconsulting.pe\/es\/registro-de-dispositivos-diagnostico-in-vitro-ivd\/\">dispositivo m\u00e9dico de diagn\u00f3stico in vitro<\/a>. Esta autorizaci\u00f3n se expide despu\u00e9s de que la solicitud de registro del producto es evaluada por expertos y se determina satisfactoria, desde el punto de vista de la calidad, seguridad y eficacia.<\/span><\/p>\n[\/vc_column_text][vc_column_text]\n<p style=\"text-align: justify;\"><span style=\"color: #333333;\">El registro sanitario constituye un requisito obligatorio para introducir un producto en el mercado.<\/span><\/p>\n[\/vc_column_text][vc_custom_heading text=&#8221;Clasificaci\u00f3n de riesgo de dispositivos m\u00e9dicos&#8221; font_container=&#8221;tag:h6|text_align:left&#8221; use_theme_fonts=&#8221;yes&#8221;][vc_column_text]\n<p style=\"text-align: justify;\"><span style=\"color: #333333;\">El sistema de clasificaci\u00f3n para dispositivos m\u00e9dicos y dispositivos IVD es b\u00e1sicamente el mismo. DIGEMID clasifica los dispositivos m\u00e9dicos en cuatro clases, las cuales son, I, II, III y IV, seg\u00fan el riesgo.<\/span><\/p>\n[\/vc_column_text][vc_custom_heading text=&#8221;Agrupaci\u00f3n de dispositivos m\u00e9dicos&#8221; font_container=&#8221;tag:h6|text_align:left&#8221; use_theme_fonts=&#8221;yes&#8221;][vc_column_text]\n<p style=\"text-align: justify;\"><span style=\"color: #333333;\">Las autoridades reguladoras en Per\u00fa no son muy flexibles en lo que podemos incluir en una sola solicitud de registro. Existen amplios criterios sobre lo que se puede unir como una familia de dispositivos. No se pueden agrupar diferentes categor\u00edas de dispositivos ni productos de diferentes fabricantes o de distinta denominaci\u00f3n com\u00fan. Las opciones de agrupaci\u00f3n dependen en gran medida de la informaci\u00f3n existente en el Certificado de Libre Comercializaci\u00f3n (CLV), el Certificado para Gobierno Extranjero (CFG) y el manual del producto. Para conocer m\u00e1s acerca de la posibilidad de agrupar sus sistemas o kits de productos, visite nuestra p\u00e1gina de contacto <a href=\"https:\/\/pharmaconsulting.pe\/es\/contactanos\/\">haciendo clic aqu\u00ed<\/a>.<\/span><\/p>\n[\/vc_column_text][\/vc_column][\/vc_row][vc_row][vc_column][vc_empty_space][\/vc_column][\/vc_row][vc_row][vc_column]<div class=\"evc-section-title evc-shortcode \" style=\"text-align: left\">\n\t<div class=\"evc-st-inner\">\n\t\t\t\t\t<h5 class=\"evc-st-title\" style=\"color: #000000\">\n\t\t\t\tLe Ofrecemos\t\t\t<\/h5>\n\t\t\t\t\t\t\t\t\t<\/div>\n<\/div>\n[vc_separator align=&#8221;align_left&#8221;][\/vc_column][\/vc_row][vc_row][vc_column][vc_tta_tabs active_section=&#8221;3&#8243; pagination_style=&#8221;outline-square&#8221;][vc_tta_section title=&#8221;Estrategia Regulatoria&#8221; tab_id=&#8221;1632514595199-685ed1a5-a2d67eb7-c1fa&#8221;]<div class=\"evc-icon-with-text evc-shortcode  evc-iwt-icon-left\">\n\t<div class=\"evc-iwt-icon-holder\">\n\t\t\t\n\t<span class=\"evc-iwt-icon far fa-lightbulb\" ><\/span>\n\t<\/div>\n\t<div class=\"evc-iwt-content\">\n\t\t\t<p class=\"evc-iwt-text\" style=\"color: #333333\">Delinearemos la estrategia regulatoria \u00f3ptima para sus productos, de acuerdo con su clasificaci\u00f3n de riesgo y uso previsto.<\/p>\n\t<\/div>\n<\/div>\n[\/vc_tta_section][vc_tta_section title=&#8221;Evaluaci\u00f3n&#8221; tab_id=&#8221;1632514595212-bf10e867-be107eb7-c1fa&#8221;]<div class=\"evc-icon-with-text evc-shortcode  evc-iwt-icon-left\">\n\t<div class=\"evc-iwt-icon-holder\">\n\t\t\t\n\t<span class=\"evc-iwt-icon fas fa-search\" ><\/span>\n\t<\/div>\n\t<div class=\"evc-iwt-content\">\n\t\t\t<p class=\"evc-iwt-text\" style=\"color: #333333\">Evaluaci\u00f3n de la documentaci\u00f3n t\u00e9cnica y cient\u00edfica emitida por el fabricante.<\/p>\n\t<\/div>\n<\/div>\n[\/vc_tta_section][vc_tta_section title=&#8221;Registro&#8221; tab_id=&#8221;1632514885308-5d9bd856-b0127eb7-c1fa&#8221;]<div class=\"evc-icon-with-text evc-shortcode  evc-iwt-icon-left\">\n\t<div class=\"evc-iwt-icon-holder\">\n\t\t\t\n\t<span class=\"evc-iwt-icon far fa-folder-open\" ><\/span>\n\t<\/div>\n\t<div class=\"evc-iwt-content\">\n\t\t\t<p class=\"evc-iwt-text\" style=\"color: #333333\">Preparaci\u00f3n de un expediente de registro completo y env\u00edo de la solicitud de registro a DIGEMID.<\/p>\n\t<\/div>\n<\/div>\n[\/vc_tta_section][vc_tta_section title=&#8221;Seguimiento&#8221; tab_id=&#8221;1632514886811-d22d2eb2-04d67eb7-c1fa&#8221;]<div class=\"evc-icon-with-text evc-shortcode  evc-iwt-icon-left\">\n\t<div class=\"evc-iwt-icon-holder\">\n\t\t\t\n\t<span class=\"evc-iwt-icon far fa-eye\" ><\/span>\n\t<\/div>\n\t<div class=\"evc-iwt-content\">\n\t\t\t<p class=\"evc-iwt-text\" style=\"color: #333333\">Seguimiento de solicitudes de registro sanitario. Respuesta a las consultas y observaciones de los evaluadores de DIGEMID.<\/p>\n\t<\/div>\n<\/div>\n[\/vc_tta_section][\/vc_tta_tabs][\/vc_column][\/vc_row][vc_row][vc_column][vc_empty_space][\/vc_column][\/vc_row][vc_row][vc_column]<div class=\"evc-section-title evc-shortcode \" style=\"text-align: left\">\n\t<div class=\"evc-st-inner\">\n\t\t\t\t\t<h5 class=\"evc-st-title\" style=\"color: #000000\">\n\t\t\t\tOtros Servicios\t\t\t<\/h5>\n\t\t\t\t\t\t\t\t\t<\/div>\n<\/div>\n[vc_separator align=&#8221;align_left&#8221;][\/vc_column][\/vc_row][vc_row gap=&#8221;10&#8243; equal_height=&#8221;yes&#8221;][vc_column width=&#8221;1\/4&#8243; css=&#8221;.vc_custom_1632412235670{margin-top: 5px !important;margin-bottom: 30px !important;border-top-width: 1px !important;border-right-width: 1px !important;border-bottom-width: 1px !important;border-left-width: 1px !important;padding-top: 5px !important;padding-right: 5px !important;padding-bottom: 15px !important;padding-left: 5px !important;border-left-color: #eeeeee !important;border-left-style: solid !important;border-right-color: #eeeeee !important;border-right-style: solid !important;border-top-color: #eeeeee !important;border-top-style: solid !important;border-bottom-color: #eeeeee !important;border-bottom-style: solid !important;}&#8221;]<div class=\"evc-section-title evc-shortcode services_content\" style=\"text-align: center\">\n\t<div class=\"evc-st-inner\">\n\t\t\t\t\t<h4 class=\"evc-st-title\" style=\"color: #222222\">\n\t\t\t\tDispositivos M\u00e9dicos\t\t\t<\/h4>\n\t\t\t\t\t\t\t\t\t<p class=\"evc-st-text\" style=\"color: #333333;margin-top: 25px\">\n\t\t\t\tClase I, II, III y IV, equipos biom\u00e9dicos, equipos electrom\u00e9dicos y sistemas electrom\u00e9dicos.\t\t\t<\/p>\n\t\t\t\t\t\t\t<div class=\"evc-st-button\">\n\t\t\t\t<a class=\"evc-button evc-shortcode  evc-btn-solid evc-btn-large \" href=\"https:\/\/pharmaconsulting.pe\/es\/registro-de-equipos-y-dispositivos-medicos\/\" target=\"_blank\" title=\"Ver M\u00e1s\" style=\"background-color: #28348a\" data-hover-color=\"#28348a\" data-hover-background-color=\"#eeeeee\">\n\t\t<span class=\"evc-btn-text\">VER M\u00c1S<\/span>\n<\/a>\n\t\t\t<\/div>\n\t\t\t<\/div>\n<\/div>\n[\/vc_column][vc_column width=&#8221;1\/4&#8243; css=&#8221;.vc_custom_1632413747432{margin-top: 5px !important;margin-bottom: 30px !important;border-top-width: 1px !important;border-right-width: 1px !important;border-bottom-width: 1px !important;border-left-width: 1px !important;padding-top: 5px !important;padding-right: 5px !important;padding-bottom: 15px !important;padding-left: 5px !important;border-left-color: #eeeeee !important;border-left-style: solid !important;border-right-color: #eeeeee !important;border-right-style: solid !important;border-top-color: #eeeeee !important;border-top-style: solid !important;border-bottom-color: #eeeeee !important;border-bottom-style: solid !important;}&#8221;]<div class=\"evc-section-title evc-shortcode services_content\" style=\"text-align: center\">\n\t<div class=\"evc-st-inner\">\n\t\t\t\t\t<h4 class=\"evc-st-title\" style=\"color: #222222\">\n\t\t\t\tIVD\t\t\t<\/h4>\n\t\t\t\t\t\t\t\t\t<p class=\"evc-st-text\" style=\"color: #333333;margin-top: 25px\">\n\t\t\t\tDispositivos m\u00e9dicos de diagn\u00f3stico in vitro, analizadores bioqu\u00edmicos, equipos de laboratorio y reactivos.\t\t\t<\/p>\n\t\t\t\t\t\t\t<div class=\"evc-st-button\">\n\t\t\t\t<a class=\"evc-button evc-shortcode  evc-btn-solid evc-btn-large \" href=\"https:\/\/pharmaconsulting.pe\/es\/registro-de-dispositivos-diagnostico-in-vitro-ivd\/\" target=\"_blank\" title=\"Ver M\u00e1s\" style=\"color: #ffffff;background-color: #28348a\" data-hover-color=\"#28348a\" data-hover-background-color=\"#eeeeee\">\n\t\t<span class=\"evc-btn-text\">VER M\u00c1S<\/span>\n<\/a>\n\t\t\t<\/div>\n\t\t\t<\/div>\n<\/div>\n[\/vc_column][vc_column width=&#8221;1\/4&#8243; css=&#8221;.vc_custom_1632413809824{margin-top: 5px !important;margin-bottom: 30px !important;border-top-width: 1px !important;border-right-width: 1px !important;border-bottom-width: 1px !important;border-left-width: 1px !important;padding-top: 5px !important;padding-right: 5px !important;padding-bottom: 15px !important;padding-left: 5px !important;border-left-color: #eeeeee !important;border-left-style: solid !important;border-right-color: #eeeeee !important;border-right-style: solid !important;border-top-color: #eeeeee !important;border-top-style: solid !important;border-bottom-color: #eeeeee !important;border-bottom-style: solid !important;}&#8221;]<div class=\"evc-section-title evc-shortcode services_content\" style=\"text-align: center\">\n\t<div class=\"evc-st-inner\">\n\t\t\t\t\t<h4 class=\"evc-st-title\" style=\"color: #222222\">\n\t\t\t\tProductos Sanitarios\t\t\t<\/h4>\n\t\t\t\t\t\t\t\t\t<p class=\"evc-st-text\" style=\"color: #333333;margin-top: 25px\">\n\t\t\t\tCosm\u00e9ticos, productos para la higiene del hogar y productos para el cuidado personal.\t\t\t<\/p>\n\t\t\t\t\t\t\t<div class=\"evc-st-button\">\n\t\t\t\t<a class=\"evc-button evc-shortcode  evc-btn-solid evc-btn-large \" href=\"https:\/\/pharmaconsulting.pe\/es\/notificacion-sanitaria-obligatoria-nso-de-productos-cosmeticos\/\" target=\"_blank\" title=\"Ver M\u00e1s\" style=\"color: #ffffff;background-color: #28348a\" data-hover-color=\"#28348a\" data-hover-background-color=\"#eeeeee\">\n\t\t<span class=\"evc-btn-text\">VER M\u00c1S<\/span>\n<\/a>\n\t\t\t<\/div>\n\t\t\t<\/div>\n<\/div>\n[\/vc_column][vc_column width=&#8221;1\/4&#8243; css=&#8221;.vc_custom_1634228452849{margin-top: 5px !important;margin-bottom: 30px !important;border-top-width: 1px !important;border-right-width: 1px !important;border-bottom-width: 1px !important;border-left-width: 1px !important;padding-top: 5px !important;padding-right: 5px !important;padding-bottom: 15px !important;padding-left: 5px !important;border-left-color: #eeeeee !important;border-left-style: solid !important;border-right-color: #eeeeee !important;border-right-style: solid !important;border-top-color: #eeeeee !important;border-top-style: solid !important;border-bottom-color: #eeeeee !important;border-bottom-style: solid !important;}&#8221;]<div class=\"evc-section-title evc-shortcode services_content\" style=\"text-align: center\">\n\t<div class=\"evc-st-inner\">\n\t\t\t\t\t<h4 class=\"evc-st-title\" style=\"color: #222222\">\n\t\t\t\tMedicamentos\t\t\t<\/h4>\n\t\t\t\t\t\t\t\t\t<p class=\"evc-st-text\" style=\"color: #333333;margin-top: 25px\">\n\t\t\t\tMedicamentos, medicamentos herbarios, sustitutos del az\u00facar, productos gal\u00e9nicos y suplementos diet\u00e9ticos.\t\t\t<\/p>\n\t\t\t\t\t\t\t<div class=\"evc-st-button\">\n\t\t\t\t<a class=\"evc-button evc-shortcode  evc-btn-solid evc-btn-large \" href=\"#\" title=\"Ver M\u00e1s\" style=\"color: #ffffff;background-color: #28348a\" data-hover-color=\"#28348a\" data-hover-background-color=\"#eeeeee\">\n\t\t<span class=\"evc-btn-text\">VER M\u00c1S<\/span>\n<\/a>\n\t\t\t<\/div>\n\t\t\t<\/div>\n<\/div>\n[\/vc_column][\/vc_row][vc_row][vc_column][vc_empty_space][\/vc_column][\/vc_row][vc_row][vc_column el_class=&#8221;default-form-services&#8221;]<div class=\"evc-section-title evc-shortcode \" style=\"text-align: left\">\n\t<div class=\"evc-st-inner\">\n\t\t\t\t\t<h5 class=\"evc-st-title\" style=\"color: #000000\">\n\t\t\t\tCont\u00e1ctenos\t\t\t<\/h5>\n\t\t\t\t\t\t\t\t\t<\/div>\n<\/div>\n[vc_separator align=&#8221;align_left&#8221;][vc_custom_heading text=&#8221;Env\u00edenos un mensaje utilizando el siguiente formulario, le responderemos tan pronto como sea posible. Los campos marcados con un asterisco (*) son obligatorios.&#8221; font_container=&#8221;tag:h5|text_align:left&#8221; use_theme_fonts=&#8221;yes&#8221;][vc_empty_space height=&#8221;16px&#8221;]\n<div class=\"wpcf7 no-js\" id=\"wpcf7-f1799-o1\" lang=\"es-ES\" dir=\"ltr\" data-wpcf7-id=\"1799\">\n<div class=\"screen-reader-response\"><p role=\"status\" aria-live=\"polite\" aria-atomic=\"true\"><\/p> <ul><\/ul><\/div>\n<form action=\"\/es\/wp-json\/wp\/v2\/pages\/1087#wpcf7-f1799-o1\" method=\"post\" class=\"wpcf7-form init\" aria-label=\"Contact form\" novalidate=\"novalidate\" data-status=\"init\">\n<div style=\"display: none;\">\n<input type=\"hidden\" name=\"_wpcf7\" value=\"1799\" \/>\n<input type=\"hidden\" name=\"_wpcf7_version\" value=\"6.0.6\" \/>\n<input type=\"hidden\" name=\"_wpcf7_locale\" value=\"es_ES\" \/>\n<input type=\"hidden\" name=\"_wpcf7_unit_tag\" value=\"wpcf7-f1799-o1\" \/>\n<input type=\"hidden\" name=\"_wpcf7_container_post\" value=\"0\" \/>\n<input type=\"hidden\" name=\"_wpcf7_posted_data_hash\" value=\"\" \/>\n<input type=\"hidden\" name=\"_wpcf7_recaptcha_response\" value=\"\" \/>\n<\/div>\n<div class=\"row-10 clearfix\">\n\t<div class=\"col-md-4 co-sm-6 col-xs-12\">\n\t\t<div class=\"form-group\">\n\t\t\t<p><span class=\"wpcf7-form-control-wrap\" data-name=\"form_name\"><input size=\"40\" maxlength=\"400\" class=\"wpcf7-form-control wpcf7-text wpcf7-validates-as-required form-control\" aria-required=\"true\" aria-invalid=\"false\" placeholder=\"Nombre *\" value=\"\" type=\"text\" name=\"form_name\" \/><\/span>\n\t\t\t<\/p>\n\t\t<\/div>\n\t\t<div class=\"form-group\">\n\t\t\t<p><span class=\"wpcf7-form-control-wrap\" data-name=\"form_email\"><input size=\"40\" maxlength=\"400\" class=\"wpcf7-form-control wpcf7-email wpcf7-validates-as-required wpcf7-text wpcf7-validates-as-email form-control required email\" aria-required=\"true\" aria-invalid=\"false\" placeholder=\"Correo electr\u00f3nico *\" value=\"\" type=\"email\" name=\"form_email\" \/><\/span>\n\t\t\t<\/p>\n\t\t<\/div>\n\t<\/div>\n\t<div class=\"col-md-8 co-sm-6 col-xs-12\">\n\t\t<div class=\"form-group style-2\">\n\t\t\t<p><span class=\"wpcf7-form-control-wrap\" data-name=\"form_message\"><textarea cols=\"40\" rows=\"10\" maxlength=\"2000\" class=\"wpcf7-form-control wpcf7-textarea form-control textarea required\" aria-invalid=\"false\" placeholder=\"Mensaje\" name=\"form_message\"><\/textarea><\/span>\n\t\t\t<\/p>\n\t\t<\/div>\n\t<\/div>\n\t<div class=\"col-md-12 col-sm-12 col-xs-12\">\n\t\t<p><input class=\"wpcf7-form-control wpcf7-submit has-spinner thm-btn thm-color\" type=\"submit\" value=\"ENVIAR\" \/>\n\t\t<\/p>\n\t<\/div>\n<\/div><p style=\"display: none !important;\" class=\"akismet-fields-container\" data-prefix=\"_wpcf7_ak_\"><label>&#916;<textarea name=\"_wpcf7_ak_hp_textarea\" cols=\"45\" rows=\"8\" maxlength=\"100\"><\/textarea><\/label><input type=\"hidden\" id=\"ak_js_1\" name=\"_wpcf7_ak_js\" value=\"27\"\/><script>document.getElementById( \"ak_js_1\" ).setAttribute( \"value\", ( new Date() ).getTime() );<\/script><\/p><div class=\"wpcf7-response-output\" aria-hidden=\"true\"><\/div>\n<\/form>\n<\/div>\n[vc_empty_space height=&#8221;16px&#8221;][\/vc_column][\/vc_row][vc_row][vc_column width=&#8221;1\/2&#8243;][vc_column_text css=&#8221;.vc_custom_1670859487252{padding-top: 30px !important;padding-right: 15px !important;padding-bottom: 30px !important;padding-left: 15px !important;}&#8221;]\n<h5><span style=\"color: #333333;\">Cont\u00e1ctenos en WhatsApp al 997 556 699, <a href=\"https:\/\/wa.me\/message\/QOAQ7DG7ZJG2C1\" target=\"_blank\" rel=\"noopener\">haciendo clic aqu\u00ed<\/a>, escanee el c\u00f3digo QR con su smartphone o escr\u00edbanos al correo <a href=\"mailto:info@pharmaconsulting.pe\" target=\"_blank\" rel=\"noopener\">informes@pharmaconsulting.pe<\/a> y cotice nuestro servicio de registro sanitario de equipos m\u00e9dicos y dispositivos en Per\u00fa.<\/span><\/h5>\n[\/vc_column_text][\/vc_column][vc_column width=&#8221;1\/2&#8243;][vc_single_image image=&#8221;2455&#8243; img_size=&#8221;medium&#8221; alignment=&#8221;center&#8221;][\/vc_column][\/vc_row][vc_row][vc_column][vc_empty_space][\/vc_column][\/vc_row][vc_row full_width=&#8221;stretch_row&#8221; css=&#8221;.vc_custom_1632406745652{background-color: #28348a !important;}&#8221;][vc_column width=&#8221;1\/3&#8243;][vc_single_image image=&#8221;579&#8243; img_size=&#8221;full&#8221; css=&#8221;.vc_custom_1636478964339{margin-top: 10px !important;}&#8221;][\/vc_column][vc_column width=&#8221;2\/3&#8243;][vc_column_text]\n<h5 style=\"text-align: center; margin-top: 8px;\"><span style=\"color: #ffffff;\">Con m\u00e1s de 15 a\u00f1os de experiencia, nos aseguraremos de que obtenga la mejor orientaci\u00f3n.<\/span><\/h5>\n[\/vc_column_text][\/vc_column][\/vc_row]\n<\/div>","protected":false},"excerpt":{"rendered":"<p>[vc_row][vc_column][vc_single_image image=&#8221;1182&#8243; img_size=&#8221;full&#8221; alignment=&#8221;center&#8221;][vc_column_text] El registro sanitario es la autorizaci\u00f3n emitida por DIGEMID a solicitud de un establecimiento farmac\u00e9utico y que permite a su titular la fabricaci\u00f3n, importaci\u00f3n, almacenamiento, comercializaci\u00f3n, promoci\u00f3n y venta de un determinado dispositivo m\u00e9dico o un dispositivo m\u00e9dico de diagn\u00f3stico in vitro. Esta autorizaci\u00f3n se expide despu\u00e9s de que la solicitud<\/p>\n","protected":false},"author":2,"featured_media":0,"parent":0,"menu_order":0,"comment_status":"closed","ping_status":"closed","template":"","meta":{"footnotes":""},"class_list":["post-1087","page","type-page","status-publish","hentry"],"_links":{"self":[{"href":"https:\/\/pharmaconsulting.pbt.com.bo\/es\/wp-json\/wp\/v2\/pages\/1087","targetHints":{"allow":["GET"]}}],"collection":[{"href":"https:\/\/pharmaconsulting.pbt.com.bo\/es\/wp-json\/wp\/v2\/pages"}],"about":[{"href":"https:\/\/pharmaconsulting.pbt.com.bo\/es\/wp-json\/wp\/v2\/types\/page"}],"author":[{"embeddable":true,"href":"https:\/\/pharmaconsulting.pbt.com.bo\/es\/wp-json\/wp\/v2\/users\/2"}],"replies":[{"embeddable":true,"href":"https:\/\/pharmaconsulting.pbt.com.bo\/es\/wp-json\/wp\/v2\/comments?post=1087"}],"version-history":[{"count":5,"href":"https:\/\/pharmaconsulting.pbt.com.bo\/es\/wp-json\/wp\/v2\/pages\/1087\/revisions"}],"predecessor-version":[{"id":2654,"href":"https:\/\/pharmaconsulting.pbt.com.bo\/es\/wp-json\/wp\/v2\/pages\/1087\/revisions\/2654"}],"wp:attachment":[{"href":"https:\/\/pharmaconsulting.pbt.com.bo\/es\/wp-json\/wp\/v2\/media?parent=1087"}],"curies":[{"name":"wp","href":"https:\/\/api.w.org\/{rel}","templated":true}]}}