{"id":1021,"date":"2021-10-07T13:18:12","date_gmt":"2021-10-07T13:18:12","guid":{"rendered":"https:\/\/ph.evodev.cz\/about-us\/"},"modified":"2024-03-20T18:59:57","modified_gmt":"2024-03-20T23:59:57","slug":"sobre-pharma-consulting","status":"publish","type":"page","link":"https:\/\/pharmaconsulting.pbt.com.bo\/es\/sobre-pharma-consulting\/","title":{"rendered":"Qui\u00e9nes Somos"},"content":{"rendered":"<div class=\"wpb-content-wrapper\">[vc_row][vc_column][vc_custom_heading text=&#8221;Destacamos en Consultor\u00eda de Asuntos Regulatorios&#8221; font_container=&#8221;tag:h5|text_align:left&#8221; use_theme_fonts=&#8221;yes&#8221;][vc_row_inner][vc_column_inner width=&#8221;2\/3&#8243;][vc_column_text]<span style=\"color: #333333;\">Pharma Consulting es una empresa de consultor\u00eda, especializada en Asuntos Regulatorios y Aseguramiento de la Calidad para la industria farmac\u00e9utica. En Pharma Consulting contamos con un equipo extraordinario, que es una mezcla de valiosa experiencia y actitud innovadora.<\/span>[\/vc_column_text][vc_column_text]<span style=\"color: #333333;\">Contamos con m\u00e1s de 15 a\u00f1os de experiencia en Asuntos Regulatorios y Aseguramiento de la Calidad en el mercado peruano, trabajando con fabricantes de todo el mundo.<\/span>[\/vc_column_text][vc_column_text]<span style=\"color: #333333;\">Ofrecemos nuestros servicios a empresas y fabricantes que buscan ampliar su alcance comercial. Nuestras principales \u00e1reas de servicio comprenden dispositivos m\u00e9dicos, dispositivos m\u00e9dicos de diagn\u00f3stico in vitro, cosm\u00e9ticos, productos de limpieza para el hogar, productos para el cuidado personal, cosm\u00e9ticos y suplementos diet\u00e9ticos.<\/span>[\/vc_column_text][vc_custom_heading text=&#8221;Acerca de nuestra CEO&#8221; font_container=&#8221;tag:h4|text_align:left&#8221; use_theme_fonts=&#8221;yes&#8221;][vc_column_text]<span style=\"color: #333333;\">Dra. Q.F. Rosa Paredes. Qu\u00edmica farmac\u00e9utica, egresada de la Universidad Nacional Mayor de San Marcos, con especializaci\u00f3n en Gerencia de Calidad en la Pontificia Universidad Cat\u00f3lica del Per\u00fa (PUCP), posgrado en Total Quality Management en el Kenshu Kiokay Center de Osaka (Jap\u00f3n) y especializaci\u00f3n en Asuntos Regulatorios Farmac\u00e9uticos en la Escuela de Estudios Farmac\u00e9uticos (ESEF). Adem\u00e1s, cuenta con background en posiciones de responsabilidad en empresas farmac\u00e9uticas nacionales y transnacionales, en las \u00e1reas de Asuntos Regulatorios, Aseguramiento de la Calidad y Direcci\u00f3n T\u00e9cnica.<\/span>[\/vc_column_text][\/vc_column_inner][vc_column_inner width=&#8221;1\/3&#8243;][vc_single_image image=&#8221;1174&#8243; img_size=&#8221;full&#8221; add_caption=&#8221;yes&#8221;][\/vc_column_inner][\/vc_row_inner][vc_empty_space][\/vc_column][\/vc_row][vc_row full_width=&#8221;stretch_row&#8221; css=&#8221;.vc_custom_1633559883138{padding-top: 30px !important;padding-bottom: 80px !important;background-color: #28348a !important;}&#8221;][vc_column][vc_row_inner][vc_column_inner]<div class=\"evc-section-title evc-shortcode \" style=\"text-align: center\">\n\t<div class=\"evc-st-inner\">\n\t\t\t\t\t<h3 class=\"evc-st-title\" style=\"color: #ffffff\">\n\t\t\t\tNuestra Promesa\t\t\t<\/h3>\n\t\t\t\t\t\t\t\t\t<p class=\"evc-st-text\" style=\"color: #ffffff;margin-top: 25px\">\n\t\t\t\tGracias a nuestra amplia experiencia en el campo, Pharma Consulting es el socio ideal para todas sus consultas acerca de RA\/QA. Nos vemos no solo como su consultor en regulaciones peruanas, sino como un socio para ayudar a que su negocio crezca.\t\t\t<\/p>\n\t\t\t\t\t<\/div>\n<\/div>\n[\/vc_column_inner][\/vc_row_inner][\/vc_column][\/vc_row][vc_row css=&#8221;.vc_custom_1633572716775{padding-top: 60px !important;padding-bottom: 60px !important;}&#8221;][vc_column][vc_row_inner][vc_column_inner][vc_column_text]<style id=\"sp_tab_dynamic_style1303\">#sp-tabpro-wrapper_1303.sp-tab__lay-default .sp-tab__tab-content {width: 100%;}#sp-tabpro-wrapper_1303 .animated {-webkit-animation-duration: 500ms;animation-duration: 500ms;}#sp-wp-tabs-wrapper_1303 .sp-tab__nav {justify-content: start;}#sp-wp-tabs-wrapper_1303.sp-tab__lay-default.sp-tab__horizontal-bottom {display: flex;flex-direction: column-reverse;}#sp-wp-tabs-wrapper_1303.sp-tab__lay-default.sp-tab__horizontal-bottom > ul {border-top: 1px solid #cccccc;border-bottom: 0;margin-top: 0;}#sp-wp-tabs-wrapper_1303.sp-tab__lay-default.sp-tab__horizontal-bottom > ul > li .sp-tab__nav-link.sp-tab__active {border-color: transparent #cccccc#cccccc;margin-top: -1px;}#sp-wp-tabs-wrapper_1303.sp-tab__lay-default.sp-tab__horizontal-bottom > ul > li .sp-tab__nav-link,#sp-wp-tabs-wrapper_1303.sp-tab__lay-default.sp-tab__horizontal-bottom > ul > li a,#sp-wp-tabs-wrapper_1303.sp-tab__lay-default.sp-tab__horizontal-bottom > ul > .sp-tab__nav-item {border-top: 0;border-top-left-radius: 0;border-top-right-radius: 0;border-bottom-left-radius: 2px;border-bottom-right-radius: 2px;}#sp-wp-tabs-wrapper_1303.sp-tab__lay-default.sp-tab__horizontal-bottom > ul {border-bottom: none;}#sp-wp-tabs-wrapper_1303.sp-tab__lay-default.sp-tab__horizontal-bottom .sp-tab__tab-content .sp-tab__tab-pane {border-top: 1px solid #cccccc;border-bottom: 0;}#sp-wp-tabs-wrapper_1303.sp-tab__lay-default .sp-tab__tab-content .sp-tab-content > ul,#sp-wp-tabs-wrapper_1303.sp-tab__lay-default .sp-tab__tab-content .sp-tab-content > ol {border-bottom: none;}#sp-wp-tabs-wrapper_1303 > .sp-tab__nav-tabs .sp-tab__nav-link.sp-tab__active .sp-tab__tab_title,#sp-wp-tabs-wrapper_1303.sp-tab__lay-default .sp-tab__nav-link > .sp-tab__card-header {color: #444;}#sp-wp-tabs-wrapper_1303 > .sp-tab__nav-tabs > .sp-tab__nav-item.show .sp-tab__nav-link,#sp-wp-tabs-wrapper_1303 > .sp-tab__nav-tabs > .sp-tab__nav-item .sp-tab__nav-link.sp-tab__active,#sp-wp-tabs-wrapper_1303.sp-tab__lay-default .sp-tab__nav-link > .sp-tab__card-header {background-color: #fff;}#sp-wp-tabs-wrapper_1303 .sp-tab__nav-tabs .sp-tab__nav-item.show .sp-tab__nav-link,#sp-wp-tabs-wrapper_1303.sp-tab__lay-default ul li .sp-tab__nav-link.sp-tab__active {border-color: #cccccc#cccccc transparent;}#sp-wp-tabs-wrapper_1303.sp-tab__lay-default > ul > li > .sp-tab__nav-link,#sp-wp-tabs-wrapper_1303.sp-tab__lay-default > ul > li > a {cursor: pointer;border-color: #cccccc;padding-top: 15px;padding-right: 15px;padding-bottom: 15px;padding-left: 15px;}#sp-wp-tabs-wrapper_1303 > .sp-tab__nav-tabs .sp-tab__nav-link {border: 1px solid #cccccc;height: 100%;}#sp-wp-tabs-wrapper_1303.sp-tab__lay-default > ul > li .sp-tab__nav-link,#sp-wp-tabs-wrapper_1303.sp-tab__lay-default > ul > li a,#sp-wp-tabs-wrapper_1303.sp-tab__lay-default > ul > .sp-tab__nav-item {border-top-left-radius: 2px;border-top-right-radius: 2px;}#sp-wp-tabs-wrapper_1303 .sp-tab__nav-tabs .sp-tab__nav-item {margin-bottom: -1px; }#sp-wp-tabs-wrapper_1303.sp-tab__lay-default > ul .sp-tab__nav-item,#sp-wp-tabs-wrapper_1303.sp-tab__lay-default .sp-tab__nav-link.collapsed > .sp-tab__card-header {background-color: #eee;}#sp-wp-tabs-wrapper_1303.sp-tab__lay-default > ul .sp-tab__nav-item {margin-right: 10px;margin-top: 5px;}#sp-wp-tabs-wrapper_1303.sp-tab__lay-default > ul .sp-tab__nav-item .sp-tab__nav-link:hover .sp-tab__tab_title,#sp-wp-tabs-wrapper_1303.sp-tab__lay-default > ul .sp-tab__nav-item a:hover .sp-tab__tab_title,#sp-wp-tabs-wrapper_1303.sp-tab__lay-default .sp-tab__nav-link.collapsed .sp-tab__card-header:hover {color: #444;transition: .3s;}#sp-wp-tabs-wrapper_1303.sp-tab__lay-default > ul .sp-tab__nav-item:hover,#sp-wp-tabs-wrapper_1303.sp-tab__lay-default .sp-tab__nav-link.collapsed > .sp-tab__card-header:hover {background-color: #fff;}#sp-wp-tabs-wrapper_1303.sp-tab__lay-default > ul .sp-tab__nav-item:last-child {margin-right: 0;}#sp-wp-tabs-wrapper_1303.sp-tab__lay-default > .sp-tab__tab-content .sp-tab__tab-pane {border: 1px solid #cccccc;padding-top: 20px;padding-right: 20px;padding-bottom: 20px;padding-left: 20px;border-top: 0px;background-color: #ffffff;}#sp-wp-tabs-wrapper_1303.sp-tab__lay-default > ul {border-bottom: 1px solid #cccccc;}@media(max-width:480px) {#sp-wp-tabs-wrapper_1303.sp-tab__lay-default > ul li.sp-tab__nav-item {width: 100%;margin-right: 0px;}#sp-wp-tabs-wrapper_1303.sp-tab__lay-default > ul li.sp-tab__nav-item:last-child {margin-bottom: -1px;}}#poststuff h2.sp-tab__section_title_1303, h2.sp-tab__section_title_1303 ,.editor-styles-wrapper .wp-block h2.sp-tab__section_title_1303{margin-bottom: 30px !important;font-weight: 600;font-style: normal;font-size: 28px;line-height: 28px;letter-spacing: 0px;padding: 0;color: #444444;}#sp-wp-tabs-wrapper_1303.sp-tab__lay-default > ul .sp-tab__nav-item .sp-tab__tab_title,#sp-wp-tabs-wrapper_1303.sp-tab__lay-default span > .sp-tab__card-header {font-weight: 600;font-style: normal;font-size: 16px;line-height: 22px;letter-spacing: 0px;color: #444;margin: 0px;}#sp-wp-tabs-wrapper_1303.sp-tab__lay-default > .sp-tab__tab-content .sp-tab__tab-pane {font-weight: 400;font-style: normal;font-size: 16px;line-height: 24px;letter-spacing: 0px;color: #444;}#sp-wp-tabs-wrapper_1303.sp-tab__lay-default > .sp-tab__tab-content .sp-tab__tab-pane ul li a, #sp-wp-tabs-wrapper_1303.sp-tab__lay-default .sp-tab__tab-content .sp-tab__tab-pane ol li a {color: #444;}<\/style>\t<h2 class=\"sp-tab__section_title_1303\"> Nuestra Motivaci\u00f3n<\/h2>\n\t\t\t<div id=\"sp-wp-tabs-wrapper_1303\" class=\"sp-tab__lay-default\" data-preloader=\"1\" data-activemode=\"tabs-activator-event-click\">\n\t\t\t<div class=\"sp-tab__preloader\">\n\t\t<div class=\"sp-tab__spinner\">\n\t\t\t<div class=\"rect1\"><\/div>\n\t\t\t<div class=\"rect2\"><\/div>\n\t\t\t<div class=\"rect3\"><\/div>\n\t\t\t<div class=\"rect4\"><\/div>\n\t\t\t<div class=\"rect5\"><\/div>\n\t\t<\/div>\n\t<\/div>\n\t<ul class=\"sp-tab__nav sp-tab__nav-tabs\" id=\"sp-tab__ul\" role=\"tablist\">\n\t\t\t\t<li class=\"sp-tab__nav-item\" role=\"tab\">\n\t\t\t\t<span class=\"sp-tab__nav-link sp-tab__active\" data-sptoggle=\"tab\" for=\"#tab-13031\" role=\"tab\" aria-controls=tab-13031 aria-selected=true tabindex=0>\n\t\t\t\t\t<span class=\"tab_title_area\"><H4 class=\"sp-tab__tab_title\">Misi\u00f3n<\/H4><\/span>\n\t\t<\/span>\n\t\t\t<\/li>\n\t\t\t\t\t\t<li class=\"sp-tab__nav-item\" role=\"tab\">\n\t\t\t\t<span class=\"sp-tab__nav-link\" data-sptoggle=\"tab\" for=\"#tab-13032\" role=\"tab\" aria-controls=tab-13032 aria-selected=true tabindex=0>\n\t\t\t\t\t<span class=\"tab_title_area\"><H4 class=\"sp-tab__tab_title\">Visi\u00f3n<\/H4><\/span>\n\t\t<\/span>\n\t\t\t<\/li>\n\t\t\t\t\t\t<li class=\"sp-tab__nav-item\" role=\"tab\">\n\t\t\t\t<span class=\"sp-tab__nav-link\" data-sptoggle=\"tab\" for=\"#tab-13033\" role=\"tab\" aria-controls=tab-13033 aria-selected=true tabindex=0>\n\t\t\t\t\t<span class=\"tab_title_area\"><H4 class=\"sp-tab__tab_title\">Nuestra Pol\u00edtica de Calidad<\/H4><\/span>\n\t\t<\/span>\n\t\t\t<\/li>\n\t\t\t\t\t\t<li class=\"sp-tab__nav-item\" role=\"tab\">\n\t\t\t\t<span class=\"sp-tab__nav-link\" data-sptoggle=\"tab\" for=\"#tab-13034\" role=\"tab\" aria-controls=tab-13034 aria-selected=true tabindex=0>\n\t\t\t\t\t<span class=\"tab_title_area\"><H4 class=\"sp-tab__tab_title\">Valores de la Empresa<\/H4><\/span>\n\t\t<\/span>\n\t\t\t<\/li>\n\t\t\t<\/ul>\n<div class=\"sp-tab__tab-content\">\n\t\t\t\t<div id=\"tab-13031\" class=\"sp-tab__tab-pane sp-tab__show sp-tab__active\" role=\"tabpanel\">\n\t\t\t\t\t<div class=\"sp-tab-content animated fadeIn\"><p><span style=\"color: #333333;\">Nuestra misi\u00f3n es brindar a nuestros clientes soluciones pr\u00e1cticas para cumplir con el marco legal, t\u00e9cnico y sanitario de nuestro pa\u00eds.<\/span><\/p>\n<\/div>\n\t\t\t\t<\/div>\n\t\t\t\t\t\t\t\t<div id=\"tab-13032\" class=\"sp-tab__tab-pane \" role=\"tabpanel\">\n\t\t\t\t\t<div class=\"sp-tab-content animated fadeIn\"><p><span style=\"color: #333333;\">Posicionar efectivamente nuestra firma en el mercado y construir alianzas comerciales duraderas con nuestros clientes locales e internacionales.<\/span><\/p>\n<\/div>\n\t\t\t\t<\/div>\n\t\t\t\t\t\t\t\t<div id=\"tab-13033\" class=\"sp-tab__tab-pane \" role=\"tabpanel\">\n\t\t\t\t\t<div class=\"sp-tab-content animated fadeIn\"><p><span style=\"color: #333333;\">Estamos comprometidos a ofrecer soluciones inteligentes a desaf\u00edos complejos y herramientas para lograr sus objetivos con facilidad. Nuestro equipo se esfuerza por lograr el cumplimiento de las leyes y normas vigentes al\u00a0 mismo tiempo que protege la salud de nuestros compatriotas.<\/span><\/p>\n<\/div>\n\t\t\t\t<\/div>\n\t\t\t\t\t\t\t\t<div id=\"tab-13034\" class=\"sp-tab__tab-pane \" role=\"tabpanel\">\n\t\t\t\t\t<div class=\"sp-tab-content animated fadeIn\"><p><span style=\"color: #333333;\">La integridad, la responsabilidad y el comportamiento \u00e9tico son los valores fundamentales de Pharma Consulting. Como profesionales de la salud, estamos obligados a respetar la ley y las normas. Al realizar nuestro trabajo con responsabilidad, esperamos contribuir con productos seguros y eficaces para nuestros compatriotas.<\/span><\/p>\n<\/div>\n\t\t\t\t<\/div>\n\t\t\t\t<\/div>\n\t\t<\/div>\n\t\t[\/vc_column_text][\/vc_column_inner][\/vc_row_inner][\/vc_column][\/vc_row][vc_row full_width=&#8221;stretch_row&#8221; css=&#8221;.vc_custom_1633573258994{padding-top: 60px !important;padding-bottom: 60px !important;background-color: #f7f7f7 !important;}&#8221;][vc_column][vc_row_inner][vc_column_inner css=&#8221;.vc_custom_1633573907891{padding-bottom: 25px !important;}&#8221;]<div class=\"evc-section-title evc-shortcode \" style=\"text-align: left\">\n\t<div class=\"evc-st-inner\">\n\t\t\t\t\t<h2 class=\"evc-st-title\" >\n\t\t\t\tNuestra Ventaja Competitiva\t\t\t<\/h2>\n\t\t\t\t\t\t\t<div class=\"evc-st-separator\" style=\"background-color: #28348a;width: 100px;height: 1px;margin-top: 20px\"><\/div>\n\t\t\t\t\t\t\t<\/div>\n<\/div>\n[\/vc_column_inner][\/vc_row_inner][vc_row_inner gap=&#8221;20&#8243; el_id=&#8221;four_block_container&#8221; css=&#8221;.vc_custom_1633577322108{padding-bottom: 40px !important;}&#8221;][vc_column_inner el_class=&#8221;four_area_block&#8221; width=&#8221;1\/4&#8243; css=&#8221;.vc_custom_1633575531311{padding-top: 60px !important;padding-right: 30px !important;padding-bottom: 60px !important;padding-left: 30px !important;background-color: #ffffff !important;}&#8221;]<div class=\"evc-icon-with-text evc-shortcode align_all_left evc-iwt-icon-top\">\n\t<div class=\"evc-iwt-icon-holder\">\n\t\t\t\n\t<span class=\"evc-iwt-icon fas fa-user-tie\" style=\"font-size: 64px;color: #1e73be\"><\/span>\n\t<\/div>\n\t<div class=\"evc-iwt-content\">\n\t\t\t<h3 class=\"evc-iwt-title\" style=\"color: #000000\">\n\t\t\t\t\tProfesionalismo\t\t\t<\/h3>\n\t<p class=\"evc-iwt-text\" style=\"color: #333333;margin-top: 25px\">Estamos comprometidos a actuar de manera honesta, justa, profesional y en el mejor inter\u00e9s de nuestros clientes.<\/p>\n\t<\/div>\n<\/div>\n[\/vc_column_inner][vc_column_inner el_class=&#8221;four_area_block&#8221; width=&#8221;1\/4&#8243; css=&#8221;.vc_custom_1633575544636{padding-top: 60px !important;padding-right: 30px !important;padding-bottom: 60px !important;padding-left: 30px !important;background-color: #ffffff !important;}&#8221;]<div class=\"evc-icon-with-text evc-shortcode align_all_left evc-iwt-icon-top\">\n\t<div class=\"evc-iwt-icon-holder\">\n\t\t\t\n\t<span class=\"evc-iwt-icon fas fa-users\" style=\"font-size: 64px;color: #1e73be\"><\/span>\n\t<\/div>\n\t<div class=\"evc-iwt-content\">\n\t\t\t<h3 class=\"evc-iwt-title\" style=\"color: #000000\">\n\t\t\t\t\tEquipo\t\t\t<\/h3>\n\t<p class=\"evc-iwt-text\" style=\"color: #333333;margin-top: 25px\">Contamos con un equipo de consultores expertos y un Director T\u00e9cnico a tiempo completo en nuestro personal.<\/p>\n\t<\/div>\n<\/div>\n[\/vc_column_inner][vc_column_inner el_class=&#8221;four_area_block&#8221; width=&#8221;1\/4&#8243; css=&#8221;.vc_custom_1633575553323{padding-top: 60px !important;padding-right: 30px !important;padding-bottom: 60px !important;padding-left: 30px !important;background-color: #ffffff !important;}&#8221;]<div class=\"evc-icon-with-text evc-shortcode align_all_left evc-iwt-icon-top\">\n\t<div class=\"evc-iwt-icon-holder\">\n\t\t\t\n\t<span class=\"evc-iwt-icon fas fa-trophy\" style=\"font-size: 64px;color: #1e73be\"><\/span>\n\t<\/div>\n\t<div class=\"evc-iwt-content\">\n\t\t\t<h3 class=\"evc-iwt-title\" style=\"color: #000000\">\n\t\t\t\t\tCumplimiento\t\t\t<\/h3>\n\t<p class=\"evc-iwt-text\" style=\"color: #333333;margin-top: 25px\">Our Approach<\/p>\n\t<\/div>\n<\/div>\n[\/vc_column_inner][vc_column_inner el_class=&#8221;four_area_block&#8221; width=&#8221;1\/4&#8243; css=&#8221;.vc_custom_1633575566145{padding-top: 60px !important;padding-right: 30px !important;padding-bottom: 60px !important;padding-left: 30px !important;background-color: #ffffff !important;}&#8221;]<div class=\"evc-icon-with-text evc-shortcode align_all_left evc-iwt-icon-top\">\n\t<div class=\"evc-iwt-icon-holder\">\n\t\t\t\n\t<span class=\"evc-iwt-icon fas fa-file-contract\" style=\"font-size: 64px;color: #1e73be\"><\/span>\n\t<\/div>\n\t<div class=\"evc-iwt-content\">\n\t\t\t<h3 class=\"evc-iwt-title\" style=\"color: #000000\">\n\t\t\t\t\tFormalidad\t\t\t<\/h3>\n\t<p class=\"evc-iwt-text\" style=\"color: #333333;margin-top: 25px\">Contamos con una autorizaci\u00f3n de funcionamiento de droguer\u00eda de DIGEMID, y un almac\u00e9n certificado en BPA.<\/p>\n\t<\/div>\n<\/div>\n[\/vc_column_inner][\/vc_row_inner][\/vc_column][\/vc_row][vc_row full_width=&#8221;stretch_row&#8221; css_animation=&#8221;fadeIn&#8221; css=&#8221;.vc_custom_1642335513415{padding-top: 80px !important;padding-bottom: 120px !important;background-image: url(https:\/\/pharmaconsulting.pe\/wp-content\/uploads\/2021\/10\/time-magdalena-oficina-pharma-consulting-recepcion-bg.jpg?id=1304) !important;}&#8221;][vc_column][vc_row_inner][vc_column_inner]<div class=\"evc-section-title evc-shortcode \" style=\"text-align: center\">\n\t<div class=\"evc-st-inner\">\n\t\t\t\t\t<h3 class=\"evc-st-title\" style=\"color: #ffffff\">\n\t\t\t\tSoporte completo en Asuntos Regulatorios en Per\u00fa\t\t\t<\/h3>\n\t\t\t\t\t\t\t\t\t<p class=\"evc-st-text\" style=\"color: #ffffff;margin-top: 25px\">\n\t\t\t\tCon Pharma Consulting como su socio confiable, puede estar seguro de que obtendr\u00e1 la informaci\u00f3n m\u00e1s actualizada y los conocimientos m\u00e1s recientes.\t\t\t<\/p>\n\t\t\t\t\t<\/div>\n<\/div>\n[\/vc_column_inner][\/vc_row_inner][\/vc_column][\/vc_row][vc_row full_width=&#8221;stretch_row&#8221; css=&#8221;.vc_custom_1632406745652{background-color: #28348a !important;}&#8221;][vc_column width=&#8221;1\/3&#8243;][vc_single_image image=&#8221;1299&#8243; img_size=&#8221;full&#8221;][\/vc_column][vc_column width=&#8221;2\/3&#8243;][vc_column_text]\n<h5 style=\"text-align: center; margin-top: 8px;\"><span style=\"color: #ffffff;\">Con m\u00e1s de 15 a\u00f1os de experiencia, nos aseguraremos de que obtenga la mejor orientaci\u00f3n.<\/span><\/h5>\n[\/vc_column_text][\/vc_column][\/vc_row]\n<\/div>","protected":false},"excerpt":{"rendered":"<p>[vc_row][vc_column][vc_custom_heading text=&#8221;Destacamos en Consultor\u00eda de Asuntos Regulatorios&#8221; font_container=&#8221;tag:h5|text_align:left&#8221; use_theme_fonts=&#8221;yes&#8221;][vc_row_inner][vc_column_inner width=&#8221;2\/3&#8243;][vc_column_text]Pharma Consulting es una empresa de consultor\u00eda, especializada en Asuntos Regulatorios y Aseguramiento de la Calidad para la industria farmac\u00e9utica. En Pharma Consulting contamos con un equipo extraordinario, que es una mezcla de valiosa experiencia y actitud innovadora.[\/vc_column_text][vc_column_text]Contamos con m\u00e1s de 15 a\u00f1os de experiencia en<\/p>\n","protected":false},"author":2,"featured_media":0,"parent":0,"menu_order":0,"comment_status":"closed","ping_status":"closed","template":"","meta":{"footnotes":""},"class_list":["post-1021","page","type-page","status-publish","hentry"],"_links":{"self":[{"href":"https:\/\/pharmaconsulting.pbt.com.bo\/es\/wp-json\/wp\/v2\/pages\/1021","targetHints":{"allow":["GET"]}}],"collection":[{"href":"https:\/\/pharmaconsulting.pbt.com.bo\/es\/wp-json\/wp\/v2\/pages"}],"about":[{"href":"https:\/\/pharmaconsulting.pbt.com.bo\/es\/wp-json\/wp\/v2\/types\/page"}],"author":[{"embeddable":true,"href":"https:\/\/pharmaconsulting.pbt.com.bo\/es\/wp-json\/wp\/v2\/users\/2"}],"replies":[{"embeddable":true,"href":"https:\/\/pharmaconsulting.pbt.com.bo\/es\/wp-json\/wp\/v2\/comments?post=1021"}],"version-history":[{"count":5,"href":"https:\/\/pharmaconsulting.pbt.com.bo\/es\/wp-json\/wp\/v2\/pages\/1021\/revisions"}],"predecessor-version":[{"id":2950,"href":"https:\/\/pharmaconsulting.pbt.com.bo\/es\/wp-json\/wp\/v2\/pages\/1021\/revisions\/2950"}],"wp:attachment":[{"href":"https:\/\/pharmaconsulting.pbt.com.bo\/es\/wp-json\/wp\/v2\/media?parent=1021"}],"curies":[{"name":"wp","href":"https:\/\/api.w.org\/{rel}","templated":true}]}}